{"id":792,"date":"2024-01-15T22:24:08","date_gmt":"2024-01-15T21:24:08","guid":{"rendered":"http:\/\/localhost\/fosunab\/?page_id=792"},"modified":"2024-02-01T22:19:02","modified_gmt":"2024-02-01T21:19:02","slug":"mapa-de-procesos","status":"publish","type":"page","link":"https:\/\/fosunab.com.co\/index.php\/mapa-de-procesos\/","title":{"rendered":"Mapa de procesos"},"content":{"rendered":"\t\t<div data-elementor-type=\"wp-page\" data-elementor-id=\"792\" class=\"elementor elementor-792\">\n\t\t\t\t<div class=\"elementor-element elementor-element-f38375a e-flex e-con-boxed e-con e-parent\" data-id=\"f38375a\" data-element_type=\"container\">\n\t\t\t\t\t<div class=\"e-con-inner\">\n\t\t\t\t<div class=\"elementor-element elementor-element-c418924 elementor-widget elementor-widget-html\" data-id=\"c418924\" data-element_type=\"widget\" data-widget_type=\"html.default\">\n\t\t\t\t<div class=\"elementor-widget-container\">\n\t\t\t<div class=\"custom-separator\">\r\n  <span class=\"diamond\"><\/span>\r\n  <span class=\"diamond\"><\/span>\r\n  <span class=\"diamond\"><\/span>\r\n<\/div>\t\t<\/div>\n\t\t\t\t<\/div>\n\t\t\t\t\t<\/div>\n\t\t\t\t<\/div>\n\t\t<div class=\"elementor-element elementor-element-3da5166 e-flex e-con-boxed e-con e-parent\" data-id=\"3da5166\" data-element_type=\"container\">\n\t\t\t\t\t<div class=\"e-con-inner\">\n\t\t\t\t<div class=\"elementor-element elementor-element-b47587e elementor-widget elementor-widget-text-editor\" data-id=\"b47587e\" data-element_type=\"widget\" data-widget_type=\"text-editor.default\">\n\t\t\t\t<div class=\"elementor-widget-container\">\n\t\t\t<style>\/*! elementor - v3.21.0 - 30-04-2024 *\/\n.elementor-widget-text-editor.elementor-drop-cap-view-stacked .elementor-drop-cap{background-color:#69727d;color:#fff}.elementor-widget-text-editor.elementor-drop-cap-view-framed .elementor-drop-cap{color:#69727d;border:3px solid;background-color:transparent}.elementor-widget-text-editor:not(.elementor-drop-cap-view-default) .elementor-drop-cap{margin-top:8px}.elementor-widget-text-editor:not(.elementor-drop-cap-view-default) .elementor-drop-cap-letter{width:1em;height:1em}.elementor-widget-text-editor .elementor-drop-cap{float:left;text-align:center;line-height:1;font-size:50px}.elementor-widget-text-editor .elementor-drop-cap-letter{display:inline-block}<\/style>\t\t\t\t<p>A continuaci\u00f3n se publican los mapas de procesos de la Fundaci\u00f3n FOSUNAB (Cl\u00ednica FOSCAL Internacional).<\/p>\t\t\t\t\t\t<\/div>\n\t\t\t\t<\/div>\n\t\t\t\t\t<\/div>\n\t\t\t\t<\/div>\n\t\t<div class=\"elementor-element elementor-element-9436851 e-flex e-con-boxed e-con e-parent\" data-id=\"9436851\" data-element_type=\"container\">\n\t\t\t\t\t<div class=\"e-con-inner\">\n\t\t<div class=\"elementor-element elementor-element-95cd095 e-con-full e-flex e-con e-child\" data-id=\"95cd095\" data-element_type=\"container\">\n\t\t\t\t<\/div>\n\t\t<a class=\"elementor-element elementor-element-e91215d e-con-full e-flex e-con e-child\" data-id=\"e91215d\" data-element_type=\"container\" data-settings=\"{&quot;background_background&quot;:&quot;classic&quot;}\" href=\"https:\/\/www.fosunab.com.co\/docs\/FOSUNAB-Mapa-Procesos-V3.pdf\" target=\"_blank\">\n\t\t\t\t<div class=\"elementor-element elementor-element-0e46e4e elementor-view-default elementor-position-top elementor-mobile-position-top elementor-widget elementor-widget-icon-box\" data-id=\"0e46e4e\" data-element_type=\"widget\" data-widget_type=\"icon-box.default\">\n\t\t\t\t<div class=\"elementor-widget-container\">\n\t\t\t<link rel=\"stylesheet\" href=\"https:\/\/fosunab.com.co\/fosunab\/wp-content\/plugins\/elementor\/assets\/css\/widget-icon-box.min.css\">\t\t<div class=\"elementor-icon-box-wrapper\">\n\n\t\t\t\t\t\t<div class=\"elementor-icon-box-icon\">\n\t\t\t\t<span  class=\"elementor-icon elementor-animation-\">\n\t\t\t\t<svg aria-hidden=\"true\" class=\"e-font-icon-svg e-fas-book\" viewBox=\"0 0 448 512\" xmlns=\"http:\/\/www.w3.org\/2000\/svg\"><path d=\"M448 360V24c0-13.3-10.7-24-24-24H96C43 0 0 43 0 96v320c0 53 43 96 96 96h328c13.3 0 24-10.7 24-24v-16c0-7.5-3.5-14.3-8.9-18.7-4.2-15.4-4.2-59.3 0-74.7 5.4-4.3 8.9-11.1 8.9-18.6zM128 134c0-3.3 2.7-6 6-6h212c3.3 0 6 2.7 6 6v20c0 3.3-2.7 6-6 6H134c-3.3 0-6-2.7-6-6v-20zm0 64c0-3.3 2.7-6 6-6h212c3.3 0 6 2.7 6 6v20c0 3.3-2.7 6-6 6H134c-3.3 0-6-2.7-6-6v-20zm253.4 250H96c-17.7 0-32-14.3-32-32 0-17.6 14.4-32 32-32h285.4c-1.9 17.1-1.9 46.9 0 64z\"><\/path><\/svg>\t\t\t\t<\/span>\n\t\t\t<\/div>\n\t\t\t\n\t\t\t\t\t\t<div class=\"elementor-icon-box-content\">\n\n\t\t\t\t\n\t\t\t\t\t\t\t\t\t<p class=\"elementor-icon-box-description\">\n\t\t\t\t\t\t<label>Mapa de procesos \n<b>Fundaci\u00f3n FOSUNAB<\/b><\/label>\n<br>\n\n<svg width=\"30px\" xmlns=\"http:\/\/www.w3.org\/2000\/svg\" viewBox=\"0 0 512 512\"><!--!Font Awesome Free 6.5.1 by @fontawesome - https:\/\/fontawesome.com License - https:\/\/fontawesome.com\/license\/free Copyright 2024 Fonticons, Inc.--><path fill=\"#FFFF\" d=\"M233.4 406.6c12.5 12.5 32.8 12.5 45.3 0l192-192c12.5-12.5 12.5-32.8 0-45.3s-32.8-12.5-45.3 0L256 338.7 86.6 169.4c-12.5-12.5-32.8-12.5-45.3 0s-12.5 32.8 0 45.3l192 192z\"\/><\/svg>\t\t\t\t\t<\/p>\n\t\t\t\t\n\t\t\t<\/div>\n\t\t\t\n\t\t<\/div>\n\t\t\t\t<\/div>\n\t\t\t\t<\/div>\n\t\t\t\t<\/a>\n\t\t<div class=\"elementor-element elementor-element-fa2f663 e-con-full e-flex e-con e-child\" data-id=\"fa2f663\" data-element_type=\"container\">\n\t\t\t\t<\/div>\n\t\t<div class=\"elementor-element elementor-element-063003e e-con-full e-flex e-con e-child\" data-id=\"063003e\" data-element_type=\"container\">\n\t\t\t\t<\/div>\n\t\t<div class=\"elementor-element elementor-element-e9aff02 e-con-full e-flex e-con e-child\" data-id=\"e9aff02\" data-element_type=\"container\">\n\t\t\t\t<\/div>\n\t\t<div class=\"elementor-element elementor-element-da7e646 e-con-full e-flex e-con e-child\" data-id=\"da7e646\" data-element_type=\"container\">\n\t\t\t\t<\/div>\n\t\t\t\t\t<\/div>\n\t\t\t\t<\/div>\n\t\t\t\t<\/div>\n\t\t","protected":false},"excerpt":{"rendered":"<p>A continuaci\u00f3n se publican los mapas de procesos de la Fundaci\u00f3n FOSUNAB (Cl\u00ednica FOSCAL Internacional). Mapa de procesos Fundaci\u00f3n FOSUNAB<\/p>\n","protected":false},"author":1,"featured_media":0,"parent":0,"menu_order":0,"comment_status":"closed","ping_status":"closed","template":"","meta":{"footnotes":""},"class_list":["post-792","page","type-page","status-publish","hentry"],"yoast_head":"<!-- This site is optimized with the Yoast SEO plugin v26.2 - https:\/\/yoast.com\/wordpress\/plugins\/seo\/ -->\n<title>Mapa de procesos - Cl\u00ednica Fosunab<\/title>\n<meta name=\"robots\" content=\"index, follow, max-snippet:-1, max-image-preview:large, max-video-preview:-1\" \/>\n<link rel=\"canonical\" href=\"https:\/\/fosunab.com.co\/index.php\/mapa-de-procesos\/\" \/>\n<meta property=\"og:locale\" content=\"es_ES\" \/>\n<meta property=\"og:type\" content=\"article\" \/>\n<meta property=\"og:title\" content=\"Mapa de procesos - Cl\u00ednica Fosunab\" \/>\n<meta property=\"og:description\" content=\"A continuaci\u00f3n se publican los mapas de procesos de la Fundaci\u00f3n FOSUNAB (Cl\u00ednica FOSCAL Internacional). Mapa de procesos Fundaci\u00f3n FOSUNAB\" \/>\n<meta property=\"og:url\" content=\"https:\/\/fosunab.com.co\/index.php\/mapa-de-procesos\/\" \/>\n<meta property=\"og:site_name\" content=\"Cl\u00ednica Fosunab\" \/>\n<meta property=\"article:modified_time\" content=\"2024-02-01T21:19:02+00:00\" \/>\n<meta name=\"twitter:card\" content=\"summary_large_image\" \/>\n<script type=\"application\/ld+json\" class=\"yoast-schema-graph\">{\"@context\":\"https:\/\/schema.org\",\"@graph\":[{\"@type\":\"WebPage\",\"@id\":\"https:\/\/fosunab.com.co\/index.php\/mapa-de-procesos\/\",\"url\":\"https:\/\/fosunab.com.co\/index.php\/mapa-de-procesos\/\",\"name\":\"Mapa de procesos - Cl\u00ednica Fosunab\",\"isPartOf\":{\"@id\":\"https:\/\/fosunab.com.co\/#website\"},\"datePublished\":\"2024-01-15T21:24:08+00:00\",\"dateModified\":\"2024-02-01T21:19:02+00:00\",\"breadcrumb\":{\"@id\":\"https:\/\/fosunab.com.co\/index.php\/mapa-de-procesos\/#breadcrumb\"},\"inLanguage\":\"es\",\"potentialAction\":[{\"@type\":\"ReadAction\",\"target\":[\"https:\/\/fosunab.com.co\/index.php\/mapa-de-procesos\/\"]}]},{\"@type\":\"BreadcrumbList\",\"@id\":\"https:\/\/fosunab.com.co\/index.php\/mapa-de-procesos\/#breadcrumb\",\"itemListElement\":[{\"@type\":\"ListItem\",\"position\":1,\"name\":\"Portada\",\"item\":\"https:\/\/fosunab.com.co\/\"},{\"@type\":\"ListItem\",\"position\":2,\"name\":\"Mapa de procesos\"}]},{\"@type\":\"WebSite\",\"@id\":\"https:\/\/fosunab.com.co\/#website\",\"url\":\"https:\/\/fosunab.com.co\/\",\"name\":\"Cl\u00ednica Fosunab\",\"description\":\"\",\"publisher\":{\"@id\":\"https:\/\/fosunab.com.co\/#organization\"},\"potentialAction\":[{\"@type\":\"SearchAction\",\"target\":{\"@type\":\"EntryPoint\",\"urlTemplate\":\"https:\/\/fosunab.com.co\/?s={search_term_string}\"},\"query-input\":{\"@type\":\"PropertyValueSpecification\",\"valueRequired\":true,\"valueName\":\"search_term_string\"}}],\"inLanguage\":\"es\"},{\"@type\":\"Organization\",\"@id\":\"https:\/\/fosunab.com.co\/#organization\",\"name\":\"Cl\u00ednica Fosunab\",\"url\":\"https:\/\/fosunab.com.co\/\",\"logo\":{\"@type\":\"ImageObject\",\"inLanguage\":\"es\",\"@id\":\"https:\/\/fosunab.com.co\/#\/schema\/logo\/image\/\",\"url\":\"https:\/\/fosunab.com.co\/fosunab\/wp-content\/uploads\/2024\/12\/logo-foscal-internacional-2024.jpg\",\"contentUrl\":\"https:\/\/fosunab.com.co\/fosunab\/wp-content\/uploads\/2024\/12\/logo-foscal-internacional-2024.jpg\",\"width\":333,\"height\":120,\"caption\":\"Cl\u00ednica Fosunab\"},\"image\":{\"@id\":\"https:\/\/fosunab.com.co\/#\/schema\/logo\/image\/\"}}]}<\/script>\n<!-- \/ Yoast SEO plugin. -->","yoast_head_json":{"title":"Mapa de procesos - Cl\u00ednica Fosunab","robots":{"index":"index","follow":"follow","max-snippet":"max-snippet:-1","max-image-preview":"max-image-preview:large","max-video-preview":"max-video-preview:-1"},"canonical":"https:\/\/fosunab.com.co\/index.php\/mapa-de-procesos\/","og_locale":"es_ES","og_type":"article","og_title":"Mapa de procesos - Cl\u00ednica Fosunab","og_description":"A continuaci\u00f3n se publican los mapas de procesos de la Fundaci\u00f3n FOSUNAB (Cl\u00ednica FOSCAL Internacional). Mapa de procesos Fundaci\u00f3n FOSUNAB","og_url":"https:\/\/fosunab.com.co\/index.php\/mapa-de-procesos\/","og_site_name":"Cl\u00ednica Fosunab","article_modified_time":"2024-02-01T21:19:02+00:00","twitter_card":"summary_large_image","schema":{"@context":"https:\/\/schema.org","@graph":[{"@type":"WebPage","@id":"https:\/\/fosunab.com.co\/index.php\/mapa-de-procesos\/","url":"https:\/\/fosunab.com.co\/index.php\/mapa-de-procesos\/","name":"Mapa de procesos - Cl\u00ednica Fosunab","isPartOf":{"@id":"https:\/\/fosunab.com.co\/#website"},"datePublished":"2024-01-15T21:24:08+00:00","dateModified":"2024-02-01T21:19:02+00:00","breadcrumb":{"@id":"https:\/\/fosunab.com.co\/index.php\/mapa-de-procesos\/#breadcrumb"},"inLanguage":"es","potentialAction":[{"@type":"ReadAction","target":["https:\/\/fosunab.com.co\/index.php\/mapa-de-procesos\/"]}]},{"@type":"BreadcrumbList","@id":"https:\/\/fosunab.com.co\/index.php\/mapa-de-procesos\/#breadcrumb","itemListElement":[{"@type":"ListItem","position":1,"name":"Portada","item":"https:\/\/fosunab.com.co\/"},{"@type":"ListItem","position":2,"name":"Mapa de procesos"}]},{"@type":"WebSite","@id":"https:\/\/fosunab.com.co\/#website","url":"https:\/\/fosunab.com.co\/","name":"Cl\u00ednica Fosunab","description":"","publisher":{"@id":"https:\/\/fosunab.com.co\/#organization"},"potentialAction":[{"@type":"SearchAction","target":{"@type":"EntryPoint","urlTemplate":"https:\/\/fosunab.com.co\/?s={search_term_string}"},"query-input":{"@type":"PropertyValueSpecification","valueRequired":true,"valueName":"search_term_string"}}],"inLanguage":"es"},{"@type":"Organization","@id":"https:\/\/fosunab.com.co\/#organization","name":"Cl\u00ednica Fosunab","url":"https:\/\/fosunab.com.co\/","logo":{"@type":"ImageObject","inLanguage":"es","@id":"https:\/\/fosunab.com.co\/#\/schema\/logo\/image\/","url":"https:\/\/fosunab.com.co\/fosunab\/wp-content\/uploads\/2024\/12\/logo-foscal-internacional-2024.jpg","contentUrl":"https:\/\/fosunab.com.co\/fosunab\/wp-content\/uploads\/2024\/12\/logo-foscal-internacional-2024.jpg","width":333,"height":120,"caption":"Cl\u00ednica Fosunab"},"image":{"@id":"https:\/\/fosunab.com.co\/#\/schema\/logo\/image\/"}}]}},"_links":{"self":[{"href":"https:\/\/fosunab.com.co\/index.php\/wp-json\/wp\/v2\/pages\/792","targetHints":{"allow":["GET"]}}],"collection":[{"href":"https:\/\/fosunab.com.co\/index.php\/wp-json\/wp\/v2\/pages"}],"about":[{"href":"https:\/\/fosunab.com.co\/index.php\/wp-json\/wp\/v2\/types\/page"}],"author":[{"embeddable":true,"href":"https:\/\/fosunab.com.co\/index.php\/wp-json\/wp\/v2\/users\/1"}],"replies":[{"embeddable":true,"href":"https:\/\/fosunab.com.co\/index.php\/wp-json\/wp\/v2\/comments?post=792"}],"version-history":[{"count":38,"href":"https:\/\/fosunab.com.co\/index.php\/wp-json\/wp\/v2\/pages\/792\/revisions"}],"predecessor-version":[{"id":1271,"href":"https:\/\/fosunab.com.co\/index.php\/wp-json\/wp\/v2\/pages\/792\/revisions\/1271"}],"wp:attachment":[{"href":"https:\/\/fosunab.com.co\/index.php\/wp-json\/wp\/v2\/media?parent=792"}],"curies":[{"name":"wp","href":"https:\/\/api.w.org\/{rel}","templated":true}]}}