{"id":50,"date":"2021-08-24T08:13:07","date_gmt":"2021-08-24T08:13:07","guid":{"rendered":"http:\/\/172.104.215.200\/demo\/health-service\/?page_id=50"},"modified":"2024-01-10T17:11:02","modified_gmt":"2024-01-10T16:11:02","slug":"cirugia","status":"publish","type":"page","link":"https:\/\/fosunab.com.co\/index.php\/cirugia\/","title":{"rendered":"Cirug\u00eda Ambulatoria"},"content":{"rendered":"\n<p>Diversas intervenciones quir\u00fargicas para las cuales es necesario permanecer en el hospital un per\u00edodo de 4 a 6 horas.<\/p>\n","protected":false},"excerpt":{"rendered":"<p>Diversas intervenciones quir\u00fargicas para las cuales es necesario permanecer en el hospital un per\u00edodo de 4 a 6 horas.<\/p>\n","protected":false},"author":1,"featured_media":78,"parent":0,"menu_order":0,"comment_status":"closed","ping_status":"closed","template":"","meta":{"footnotes":""},"class_list":["post-50","page","type-page","status-publish","has-post-thumbnail","hentry"],"yoast_head":"<!-- This site is optimized with the Yoast SEO plugin v26.2 - https:\/\/yoast.com\/wordpress\/plugins\/seo\/ -->\n<title>Cirug\u00eda Ambulatoria - Cl\u00ednica Fosunab<\/title>\n<meta name=\"robots\" content=\"index, follow, max-snippet:-1, max-image-preview:large, max-video-preview:-1\" \/>\n<link rel=\"canonical\" href=\"https:\/\/fosunab.com.co\/index.php\/cirugia\/\" \/>\n<meta property=\"og:locale\" content=\"es_ES\" \/>\n<meta property=\"og:type\" content=\"article\" \/>\n<meta property=\"og:title\" content=\"Cirug\u00eda Ambulatoria - Cl\u00ednica Fosunab\" \/>\n<meta property=\"og:description\" content=\"Diversas intervenciones quir\u00fargicas para las cuales es necesario permanecer en el hospital un per\u00edodo de 4 a 6 horas.\" \/>\n<meta property=\"og:url\" content=\"https:\/\/fosunab.com.co\/index.php\/cirugia\/\" \/>\n<meta property=\"og:site_name\" content=\"Cl\u00ednica Fosunab\" \/>\n<meta property=\"article:modified_time\" content=\"2024-01-10T16:11:02+00:00\" \/>\n<meta property=\"og:image\" content=\"https:\/\/fosunab.com.co\/fosunab\/wp-content\/uploads\/2021\/08\/med_depart1.jpg\" \/>\n\t<meta property=\"og:image:width\" content=\"768\" \/>\n\t<meta property=\"og:image:height\" content=\"570\" \/>\n\t<meta property=\"og:image:type\" content=\"image\/jpeg\" \/>\n<meta name=\"twitter:card\" content=\"summary_large_image\" \/>\n<script type=\"application\/ld+json\" class=\"yoast-schema-graph\">{\"@context\":\"https:\/\/schema.org\",\"@graph\":[{\"@type\":\"WebPage\",\"@id\":\"https:\/\/fosunab.com.co\/index.php\/cirugia\/\",\"url\":\"https:\/\/fosunab.com.co\/index.php\/cirugia\/\",\"name\":\"Cirug\u00eda Ambulatoria - Cl\u00ednica Fosunab\",\"isPartOf\":{\"@id\":\"https:\/\/fosunab.com.co\/#website\"},\"primaryImageOfPage\":{\"@id\":\"https:\/\/fosunab.com.co\/index.php\/cirugia\/#primaryimage\"},\"image\":{\"@id\":\"https:\/\/fosunab.com.co\/index.php\/cirugia\/#primaryimage\"},\"thumbnailUrl\":\"https:\/\/fosunab.com.co\/fosunab\/wp-content\/uploads\/2021\/08\/med_depart1.jpg\",\"datePublished\":\"2021-08-24T08:13:07+00:00\",\"dateModified\":\"2024-01-10T16:11:02+00:00\",\"breadcrumb\":{\"@id\":\"https:\/\/fosunab.com.co\/index.php\/cirugia\/#breadcrumb\"},\"inLanguage\":\"es\",\"potentialAction\":[{\"@type\":\"ReadAction\",\"target\":[\"https:\/\/fosunab.com.co\/index.php\/cirugia\/\"]}]},{\"@type\":\"ImageObject\",\"inLanguage\":\"es\",\"@id\":\"https:\/\/fosunab.com.co\/index.php\/cirugia\/#primaryimage\",\"url\":\"https:\/\/fosunab.com.co\/fosunab\/wp-content\/uploads\/2021\/08\/med_depart1.jpg\",\"contentUrl\":\"https:\/\/fosunab.com.co\/fosunab\/wp-content\/uploads\/2021\/08\/med_depart1.jpg\",\"width\":768,\"height\":570},{\"@type\":\"BreadcrumbList\",\"@id\":\"https:\/\/fosunab.com.co\/index.php\/cirugia\/#breadcrumb\",\"itemListElement\":[{\"@type\":\"ListItem\",\"position\":1,\"name\":\"Portada\",\"item\":\"https:\/\/fosunab.com.co\/\"},{\"@type\":\"ListItem\",\"position\":2,\"name\":\"Cirug\u00eda Ambulatoria\"}]},{\"@type\":\"WebSite\",\"@id\":\"https:\/\/fosunab.com.co\/#website\",\"url\":\"https:\/\/fosunab.com.co\/\",\"name\":\"Cl\u00ednica Fosunab\",\"description\":\"\",\"publisher\":{\"@id\":\"https:\/\/fosunab.com.co\/#organization\"},\"potentialAction\":[{\"@type\":\"SearchAction\",\"target\":{\"@type\":\"EntryPoint\",\"urlTemplate\":\"https:\/\/fosunab.com.co\/?s={search_term_string}\"},\"query-input\":{\"@type\":\"PropertyValueSpecification\",\"valueRequired\":true,\"valueName\":\"search_term_string\"}}],\"inLanguage\":\"es\"},{\"@type\":\"Organization\",\"@id\":\"https:\/\/fosunab.com.co\/#organization\",\"name\":\"Cl\u00ednica Fosunab\",\"url\":\"https:\/\/fosunab.com.co\/\",\"logo\":{\"@type\":\"ImageObject\",\"inLanguage\":\"es\",\"@id\":\"https:\/\/fosunab.com.co\/#\/schema\/logo\/image\/\",\"url\":\"https:\/\/fosunab.com.co\/fosunab\/wp-content\/uploads\/2024\/12\/logo-foscal-internacional-2024.jpg\",\"contentUrl\":\"https:\/\/fosunab.com.co\/fosunab\/wp-content\/uploads\/2024\/12\/logo-foscal-internacional-2024.jpg\",\"width\":333,\"height\":120,\"caption\":\"Cl\u00ednica Fosunab\"},\"image\":{\"@id\":\"https:\/\/fosunab.com.co\/#\/schema\/logo\/image\/\"}}]}<\/script>\n<!-- \/ Yoast SEO plugin. -->","yoast_head_json":{"title":"Cirug\u00eda Ambulatoria - Cl\u00ednica Fosunab","robots":{"index":"index","follow":"follow","max-snippet":"max-snippet:-1","max-image-preview":"max-image-preview:large","max-video-preview":"max-video-preview:-1"},"canonical":"https:\/\/fosunab.com.co\/index.php\/cirugia\/","og_locale":"es_ES","og_type":"article","og_title":"Cirug\u00eda Ambulatoria - Cl\u00ednica Fosunab","og_description":"Diversas intervenciones quir\u00fargicas para las cuales es necesario permanecer en el hospital un per\u00edodo de 4 a 6 horas.","og_url":"https:\/\/fosunab.com.co\/index.php\/cirugia\/","og_site_name":"Cl\u00ednica Fosunab","article_modified_time":"2024-01-10T16:11:02+00:00","og_image":[{"width":768,"height":570,"url":"https:\/\/fosunab.com.co\/fosunab\/wp-content\/uploads\/2021\/08\/med_depart1.jpg","type":"image\/jpeg"}],"twitter_card":"summary_large_image","schema":{"@context":"https:\/\/schema.org","@graph":[{"@type":"WebPage","@id":"https:\/\/fosunab.com.co\/index.php\/cirugia\/","url":"https:\/\/fosunab.com.co\/index.php\/cirugia\/","name":"Cirug\u00eda Ambulatoria - Cl\u00ednica Fosunab","isPartOf":{"@id":"https:\/\/fosunab.com.co\/#website"},"primaryImageOfPage":{"@id":"https:\/\/fosunab.com.co\/index.php\/cirugia\/#primaryimage"},"image":{"@id":"https:\/\/fosunab.com.co\/index.php\/cirugia\/#primaryimage"},"thumbnailUrl":"https:\/\/fosunab.com.co\/fosunab\/wp-content\/uploads\/2021\/08\/med_depart1.jpg","datePublished":"2021-08-24T08:13:07+00:00","dateModified":"2024-01-10T16:11:02+00:00","breadcrumb":{"@id":"https:\/\/fosunab.com.co\/index.php\/cirugia\/#breadcrumb"},"inLanguage":"es","potentialAction":[{"@type":"ReadAction","target":["https:\/\/fosunab.com.co\/index.php\/cirugia\/"]}]},{"@type":"ImageObject","inLanguage":"es","@id":"https:\/\/fosunab.com.co\/index.php\/cirugia\/#primaryimage","url":"https:\/\/fosunab.com.co\/fosunab\/wp-content\/uploads\/2021\/08\/med_depart1.jpg","contentUrl":"https:\/\/fosunab.com.co\/fosunab\/wp-content\/uploads\/2021\/08\/med_depart1.jpg","width":768,"height":570},{"@type":"BreadcrumbList","@id":"https:\/\/fosunab.com.co\/index.php\/cirugia\/#breadcrumb","itemListElement":[{"@type":"ListItem","position":1,"name":"Portada","item":"https:\/\/fosunab.com.co\/"},{"@type":"ListItem","position":2,"name":"Cirug\u00eda Ambulatoria"}]},{"@type":"WebSite","@id":"https:\/\/fosunab.com.co\/#website","url":"https:\/\/fosunab.com.co\/","name":"Cl\u00ednica Fosunab","description":"","publisher":{"@id":"https:\/\/fosunab.com.co\/#organization"},"potentialAction":[{"@type":"SearchAction","target":{"@type":"EntryPoint","urlTemplate":"https:\/\/fosunab.com.co\/?s={search_term_string}"},"query-input":{"@type":"PropertyValueSpecification","valueRequired":true,"valueName":"search_term_string"}}],"inLanguage":"es"},{"@type":"Organization","@id":"https:\/\/fosunab.com.co\/#organization","name":"Cl\u00ednica Fosunab","url":"https:\/\/fosunab.com.co\/","logo":{"@type":"ImageObject","inLanguage":"es","@id":"https:\/\/fosunab.com.co\/#\/schema\/logo\/image\/","url":"https:\/\/fosunab.com.co\/fosunab\/wp-content\/uploads\/2024\/12\/logo-foscal-internacional-2024.jpg","contentUrl":"https:\/\/fosunab.com.co\/fosunab\/wp-content\/uploads\/2024\/12\/logo-foscal-internacional-2024.jpg","width":333,"height":120,"caption":"Cl\u00ednica Fosunab"},"image":{"@id":"https:\/\/fosunab.com.co\/#\/schema\/logo\/image\/"}}]}},"_links":{"self":[{"href":"https:\/\/fosunab.com.co\/index.php\/wp-json\/wp\/v2\/pages\/50","targetHints":{"allow":["GET"]}}],"collection":[{"href":"https:\/\/fosunab.com.co\/index.php\/wp-json\/wp\/v2\/pages"}],"about":[{"href":"https:\/\/fosunab.com.co\/index.php\/wp-json\/wp\/v2\/types\/page"}],"author":[{"embeddable":true,"href":"https:\/\/fosunab.com.co\/index.php\/wp-json\/wp\/v2\/users\/1"}],"replies":[{"embeddable":true,"href":"https:\/\/fosunab.com.co\/index.php\/wp-json\/wp\/v2\/comments?post=50"}],"version-history":[{"count":3,"href":"https:\/\/fosunab.com.co\/index.php\/wp-json\/wp\/v2\/pages\/50\/revisions"}],"predecessor-version":[{"id":277,"href":"https:\/\/fosunab.com.co\/index.php\/wp-json\/wp\/v2\/pages\/50\/revisions\/277"}],"wp:featuredmedia":[{"embeddable":true,"href":"https:\/\/fosunab.com.co\/index.php\/wp-json\/wp\/v2\/media\/78"}],"wp:attachment":[{"href":"https:\/\/fosunab.com.co\/index.php\/wp-json\/wp\/v2\/media?parent=50"}],"curies":[{"name":"wp","href":"https:\/\/api.w.org\/{rel}","templated":true}]}}