{"id":176,"date":"2023-11-10T16:15:00","date_gmt":"2023-11-10T15:15:00","guid":{"rendered":"http:\/\/localhost\/fosunab\/?page_id=176"},"modified":"2024-02-01T20:56:01","modified_gmt":"2024-02-01T19:56:01","slug":"transparencia-acceso-informacion-publica","status":"publish","type":"page","link":"https:\/\/fosunab.com.co\/index.php\/transparencia-acceso-informacion-publica\/","title":{"rendered":"Transparencia"},"content":{"rendered":"\t\t<div data-elementor-type=\"wp-page\" data-elementor-id=\"176\" class=\"elementor elementor-176\">\n\t\t\t\t<div class=\"elementor-element elementor-element-27b1ea5 e-flex e-con-boxed e-con e-parent\" data-id=\"27b1ea5\" data-element_type=\"container\">\n\t\t\t\t\t<div class=\"e-con-inner\">\n\t\t<div class=\"elementor-element elementor-element-3bb7ac6 e-con-full e-flex e-con e-child\" data-id=\"3bb7ac6\" data-element_type=\"container\">\n\t\t\t\t<div class=\"elementor-element elementor-element-88a397c elementor-widget elementor-widget-image\" data-id=\"88a397c\" data-element_type=\"widget\" data-widget_type=\"image.default\">\n\t\t\t\t<div class=\"elementor-widget-container\">\n\t\t\t<style>\/*! elementor - v3.21.0 - 30-04-2024 *\/\n.elementor-widget-image{text-align:center}.elementor-widget-image a{display:inline-block}.elementor-widget-image a img[src$=\".svg\"]{width:48px}.elementor-widget-image img{vertical-align:middle;display:inline-block}<\/style>\t\t\t\t\t\t\t\t\t\t<img fetchpriority=\"high\" decoding=\"async\" width=\"450\" height=\"310\" src=\"https:\/\/fosunab.com.co\/fosunab\/wp-content\/uploads\/2023\/11\/conflicto-interes.jpg\" class=\"attachment-full size-full wp-image-207\" alt=\"conflicto_interes\" srcset=\"https:\/\/fosunab.com.co\/fosunab\/wp-content\/uploads\/2023\/11\/conflicto-interes.jpg 450w, https:\/\/fosunab.com.co\/fosunab\/wp-content\/uploads\/2023\/11\/conflicto-interes-300x207.jpg 300w\" sizes=\"(max-width: 450px) 100vw, 450px\" \/>\t\t\t\t\t\t\t\t\t\t\t\t\t<\/div>\n\t\t\t\t<\/div>\n\t\t\t\t<\/div>\n\t\t<div class=\"elementor-element elementor-element-3bf4464 e-con-full e-flex e-con e-child\" data-id=\"3bf4464\" data-element_type=\"container\">\n\t\t\t\t<div class=\"elementor-element elementor-element-4aec639 elementor-widget elementor-widget-text-editor\" data-id=\"4aec639\" data-element_type=\"widget\" data-widget_type=\"text-editor.default\">\n\t\t\t\t<div class=\"elementor-widget-container\">\n\t\t\t<style>\/*! elementor - v3.21.0 - 30-04-2024 *\/\n.elementor-widget-text-editor.elementor-drop-cap-view-stacked .elementor-drop-cap{background-color:#69727d;color:#fff}.elementor-widget-text-editor.elementor-drop-cap-view-framed .elementor-drop-cap{color:#69727d;border:3px solid;background-color:transparent}.elementor-widget-text-editor:not(.elementor-drop-cap-view-default) .elementor-drop-cap{margin-top:8px}.elementor-widget-text-editor:not(.elementor-drop-cap-view-default) .elementor-drop-cap-letter{width:1em;height:1em}.elementor-widget-text-editor .elementor-drop-cap{float:left;text-align:center;line-height:1;font-size:50px}.elementor-widget-text-editor .elementor-drop-cap-letter{display:inline-block}<\/style>\t\t\t\t<p>La Fundaci\u00f3n FOSUNAB (Cl\u00ednica FOSCAL Internacional) presenta programas de prevenci\u00f3n para las actividades que se encuentran por fuera de la legalidad y que atenten contra la conducta \u00e9tica y transparencia empresarial, con el prop\u00f3sito de minimizar los riesgos de corrupci\u00f3n, opacidad, fraude, soborno y soborno transnacional, por lo cu\u00e1l es de gran importancia que se haga uso de este sitio web para informar sobre situaciones o conductas por parte de los colaboradores, contratistas, y\/o grupos de inter\u00e9s, que puedan atentar contra nuestras pol\u00edticas.<\/p>\t\t\t\t\t\t<\/div>\n\t\t\t\t<\/div>\n\t\t\t\t<div class=\"elementor-element elementor-element-c4256bc elementor-widget elementor-widget-text-editor\" data-id=\"c4256bc\" data-element_type=\"widget\" data-widget_type=\"text-editor.default\">\n\t\t\t\t<div class=\"elementor-widget-container\">\n\t\t\t\t\t\t\t<p><b>Marco Legal:<\/b><br \/>Circular externa N\u00b0 20211700000005-5 de 2021<br \/>Circular externa N\u00b0 2022151000000053-5 de 2022<\/p>\t\t\t\t\t\t<\/div>\n\t\t\t\t<\/div>\n\t\t\t\t<\/div>\n\t\t\t\t\t<\/div>\n\t\t\t\t<\/div>\n\t\t<div class=\"elementor-element elementor-element-f6c7dbb e-flex e-con-boxed e-con e-parent\" data-id=\"f6c7dbb\" data-element_type=\"container\">\n\t\t\t\t\t<div class=\"e-con-inner\">\n\t\t\t\t<div class=\"elementor-element elementor-element-50c37a3 elementor-widget elementor-widget-text-editor\" data-id=\"50c37a3\" data-element_type=\"widget\" data-widget_type=\"text-editor.default\">\n\t\t\t\t<div class=\"elementor-widget-container\">\n\t\t\t\t\t\t\t<h3>Pol\u00edtica PTEE<\/h3>\t\t\t\t\t\t<\/div>\n\t\t\t\t<\/div>\n\t\t\t\t\t<\/div>\n\t\t\t\t<\/div>\n\t\t<div class=\"elementor-element elementor-element-5f7155f e-flex e-con-boxed e-con e-parent\" data-id=\"5f7155f\" data-element_type=\"container\">\n\t\t\t\t\t<div class=\"e-con-inner\">\n\t\t<div class=\"elementor-element elementor-element-81be588 e-con-full e-flex e-con e-child\" data-id=\"81be588\" data-element_type=\"container\">\n\t\t\t\t<div class=\"elementor-element elementor-element-3a8c7d0 elementor-widget elementor-widget-text-editor\" data-id=\"3a8c7d0\" data-element_type=\"widget\" data-widget_type=\"text-editor.default\">\n\t\t\t\t<div class=\"elementor-widget-container\">\n\t\t\t\t\t\t\t<p>La corrupci\u00f3n opacidad, fraude y soborno constituyen un riesgo al que se encuentra expuesta la FOSCAL con ocasi\u00f3n de la ejecuci\u00f3n de su objeto social principal y los negocios jur\u00eddicos civiles y comerciales que de este se desprenden; por lo tanto, resulta imprescindible la implementaci\u00f3n de una pol\u00edtica para evitar y gestionar dicho riesgo.<\/p>\t\t\t\t\t\t<\/div>\n\t\t\t\t<\/div>\n\t\t\t\t<div class=\"elementor-element elementor-element-e494327 elementor-widget elementor-widget-text-editor\" data-id=\"e494327\" data-element_type=\"widget\" data-widget_type=\"text-editor.default\">\n\t\t\t\t<div class=\"elementor-widget-container\">\n\t\t\t\t\t\t\t<p>La Pol\u00edtica de Transparencia y \u00c9tica Empresarial en adelante PTEE, se define como el documento que compila de manera integral todas las normas internas en materia de prevenci\u00f3n y mitigaci\u00f3n de los Riesgos de COF y soborno, as\u00ed como los principios y valores \u00e9ticos que cada entidad considere apropiados, para llevar a cabo su operaci\u00f3n de manera \u00e9tica, transparente y honesta.<\/p>\t\t\t\t\t\t<\/div>\n\t\t\t\t<\/div>\n\t\t\t\t<\/div>\n\t\t<div class=\"elementor-element elementor-element-dcacb20 e-con-full e-flex e-con e-child\" data-id=\"dcacb20\" data-element_type=\"container\">\n\t\t\t\t<div class=\"elementor-element elementor-element-fb2b009 elementor-widget elementor-widget-image\" data-id=\"fb2b009\" data-element_type=\"widget\" data-widget_type=\"image.default\">\n\t\t\t\t<div class=\"elementor-widget-container\">\n\t\t\t\t\t\t\t\t\t\t\t\t\t<img decoding=\"async\" width=\"512\" height=\"341\" src=\"https:\/\/fosunab.com.co\/fosunab\/wp-content\/uploads\/2023\/11\/politica-transparencia.jpg\" class=\"attachment-large size-large wp-image-221\" alt=\"Pol\u00edtica de transparencia\" srcset=\"https:\/\/fosunab.com.co\/fosunab\/wp-content\/uploads\/2023\/11\/politica-transparencia.jpg 512w, https:\/\/fosunab.com.co\/fosunab\/wp-content\/uploads\/2023\/11\/politica-transparencia-300x200.jpg 300w\" sizes=\"(max-width: 512px) 100vw, 512px\" \/>\t\t\t\t\t\t\t\t\t\t\t\t\t<\/div>\n\t\t\t\t<\/div>\n\t\t\t\t<\/div>\n\t\t\t\t\t<\/div>\n\t\t\t\t<\/div>\n\t\t<div class=\"elementor-element elementor-element-1324f54 e-flex e-con-boxed e-con e-parent\" data-id=\"1324f54\" data-element_type=\"container\">\n\t\t\t\t\t<div class=\"e-con-inner\">\n\t\t\t\t<div class=\"elementor-element elementor-element-4dadf96 elementor-widget elementor-widget-text-editor\" data-id=\"4dadf96\" data-element_type=\"widget\" data-widget_type=\"text-editor.default\">\n\t\t\t\t<div class=\"elementor-widget-container\">\n\t\t\t\t\t\t\t<h3>Pol\u00edtica tratamiento de la informaci\u00f3n<\/h3>\t\t\t\t\t\t<\/div>\n\t\t\t\t<\/div>\n\t\t\t\t\t<\/div>\n\t\t\t\t<\/div>\n\t\t<div class=\"elementor-element elementor-element-c5c139f e-flex e-con-boxed e-con e-parent\" data-id=\"c5c139f\" data-element_type=\"container\">\n\t\t\t\t\t<div class=\"e-con-inner\">\n\t\t\t\t<div class=\"elementor-element elementor-element-3b53cdb elementor-widget elementor-widget-text-editor\" data-id=\"3b53cdb\" data-element_type=\"widget\" data-widget_type=\"text-editor.default\">\n\t\t\t\t<div class=\"elementor-widget-container\">\n\t\t\t\t\t\t\t<p>Fundaci\u00f3n FOSUNAB (Cl\u00ednica FOSCAL Internacional) cuenta con normas y procedimientos de seguridad, donde el objetivo principal es asegurar la confidencialidad, integridad y disponibilidad de la informaci\u00f3n y bases de datos de nuestros miembros de la organizaci\u00f3n y terceros, lo mismo que asegurar la estabilidad, disponibilidad de la infraestructura tecnol\u00f3gica y la operaci\u00f3n. Todas las medidas de seguridad que ha implementado y gestiona Fundaci\u00f3n FOSUNAB (Cl\u00ednica FOSCAL Internacional), buscan la protecci\u00f3n de la informaci\u00f3n y la garant\u00eda de la dignidad de los titulares de los datos personales que trata. Tales medidas permiten el acceso de los usuarios autorizados de forma controlada e impiden que los no autorizados puedan llegar a acceder, bloquear, modificar, adulterar o suprimir la informaci\u00f3n y\/o datos personales tratados por parte de Fundaci\u00f3n FOSUNAB (Cl\u00ednica FOSCAL Internacional)\u00a0como responsable, encargado o subencargado de los mismos seg\u00fan el caso.<\/p>\t\t\t\t\t\t<\/div>\n\t\t\t\t<\/div>\n\t\t\t\t\t<\/div>\n\t\t\t\t<\/div>\n\t\t<div class=\"elementor-element elementor-element-f9853bc e-flex e-con-boxed e-con e-parent\" data-id=\"f9853bc\" data-element_type=\"container\">\n\t\t\t\t\t<div class=\"e-con-inner\">\n\t\t\t\t<div class=\"elementor-element elementor-element-e04549f elementor-widget elementor-widget-text-editor\" data-id=\"e04549f\" data-element_type=\"widget\" data-widget_type=\"text-editor.default\">\n\t\t\t\t<div class=\"elementor-widget-container\">\n\t\t\t\t\t\t\t<h3>Conflicto de inter\u00e9s<\/h3>\t\t\t\t\t\t<\/div>\n\t\t\t\t<\/div>\n\t\t\t\t\t<\/div>\n\t\t\t\t<\/div>\n\t\t<div class=\"elementor-element elementor-element-4e52ee0 e-flex e-con-boxed e-con e-parent\" data-id=\"4e52ee0\" data-element_type=\"container\">\n\t\t\t\t\t<div class=\"e-con-inner\">\n\t\t\t\t<div class=\"elementor-element elementor-element-4f17bdf elementor-widget elementor-widget-text-editor\" data-id=\"4f17bdf\" data-element_type=\"widget\" data-widget_type=\"text-editor.default\">\n\t\t\t\t<div class=\"elementor-widget-container\">\n\t\t\t\t\t\t\t<p>El conflicto de intereses se presenta cuando los intereses personales o privados de un tercero interfieren, o parecen interferir con las responsabilidades oficiales de alg\u00fan colaborador y\/o grupo de inter\u00e9s de la instituci\u00f3n.<\/p>\t\t\t\t\t\t<\/div>\n\t\t\t\t<\/div>\n\t\t\t\t<div class=\"elementor-element elementor-element-8e2fb86 elementor-widget elementor-widget-image\" data-id=\"8e2fb86\" data-element_type=\"widget\" data-widget_type=\"image.default\">\n\t\t\t\t<div class=\"elementor-widget-container\">\n\t\t\t\t\t\t\t\t\t\t\t\t\t<img decoding=\"async\" width=\"640\" height=\"513\" src=\"https:\/\/fosunab.com.co\/fosunab\/wp-content\/uploads\/2023\/11\/tipos-interes-transparencia-768x615.jpg\" class=\"attachment-medium_large size-medium_large wp-image-222\" alt=\"\" srcset=\"https:\/\/fosunab.com.co\/fosunab\/wp-content\/uploads\/2023\/11\/tipos-interes-transparencia-768x615.jpg 768w, https:\/\/fosunab.com.co\/fosunab\/wp-content\/uploads\/2023\/11\/tipos-interes-transparencia-300x240.jpg 300w, https:\/\/fosunab.com.co\/fosunab\/wp-content\/uploads\/2023\/11\/tipos-interes-transparencia.jpg 915w\" sizes=\"(max-width: 640px) 100vw, 640px\" \/>\t\t\t\t\t\t\t\t\t\t\t\t\t<\/div>\n\t\t\t\t<\/div>\n\t\t\t\t\t<\/div>\n\t\t\t\t<\/div>\n\t\t<div class=\"elementor-element elementor-element-890c980 e-flex e-con-boxed e-con e-parent\" data-id=\"890c980\" data-element_type=\"container\">\n\t\t\t\t\t<div class=\"e-con-inner\">\n\t\t\t\t<div class=\"elementor-element elementor-element-78dfab4 elementor-widget elementor-widget-text-editor\" data-id=\"78dfab4\" data-element_type=\"widget\" data-widget_type=\"text-editor.default\">\n\t\t\t\t<div class=\"elementor-widget-container\">\n\t\t\t\t\t\t\t<div class=\"column mcb-column one column_column  column-margin-\"><h3 class=\"column_attr clearfix\">Protecci\u00f3n al denunciante<\/h3><\/div>\t\t\t\t\t\t<\/div>\n\t\t\t\t<\/div>\n\t\t\t\t\t<\/div>\n\t\t\t\t<\/div>\n\t\t<div class=\"elementor-element elementor-element-5042f6f e-flex e-con-boxed e-con e-parent\" data-id=\"5042f6f\" data-element_type=\"container\">\n\t\t\t\t\t<div class=\"e-con-inner\">\n\t\t<div class=\"elementor-element elementor-element-bdd23b2 e-con-full e-flex e-con e-child\" data-id=\"bdd23b2\" data-element_type=\"container\">\n\t\t\t\t<div class=\"elementor-element elementor-element-f0b2baa elementor-widget elementor-widget-image\" data-id=\"f0b2baa\" data-element_type=\"widget\" data-widget_type=\"image.default\">\n\t\t\t\t<div class=\"elementor-widget-container\">\n\t\t\t\t\t\t\t\t\t\t\t\t\t<img loading=\"lazy\" decoding=\"async\" width=\"450\" height=\"310\" src=\"https:\/\/fosunab.com.co\/fosunab\/wp-content\/uploads\/2023\/11\/proteccion-denunciante-transparencia.jpg\" class=\"attachment-large size-large wp-image-224\" alt=\"protecci\u00f3n al denunciante-transparencia\" srcset=\"https:\/\/fosunab.com.co\/fosunab\/wp-content\/uploads\/2023\/11\/proteccion-denunciante-transparencia.jpg 450w, https:\/\/fosunab.com.co\/fosunab\/wp-content\/uploads\/2023\/11\/proteccion-denunciante-transparencia-300x207.jpg 300w\" sizes=\"(max-width: 450px) 100vw, 450px\" \/>\t\t\t\t\t\t\t\t\t\t\t\t\t<\/div>\n\t\t\t\t<\/div>\n\t\t\t\t<\/div>\n\t\t<div class=\"elementor-element elementor-element-a91e3a8 e-con-full e-flex e-con e-child\" data-id=\"a91e3a8\" data-element_type=\"container\">\n\t\t\t\t<div class=\"elementor-element elementor-element-72cf9f9 elementor-widget elementor-widget-text-editor\" data-id=\"72cf9f9\" data-element_type=\"widget\" data-widget_type=\"text-editor.default\">\n\t\t\t\t<div class=\"elementor-widget-container\">\n\t\t\t\t\t\t\t<p><strong>Fundaci\u00f3n FOSUNAB (Cl\u00ednica FOSCAL Internacional)<\/strong> proteger\u00e1 la identidad del denunciante y llevar\u00e1 a cabo las investigaciones preservando la confidencialidad de la informaci\u00f3n; as\u00ed mismo se establece lo siguiente:Asegurar el debido proceso, incluyendo la investigaci\u00f3n y asistencia oportuna, justa, imparcial y confidencial. Brindar apoyo durante todo el proceso, incluyendo una comunicaci\u00f3n regular.<\/p><p><strong>Fundaci\u00f3n FOSUNAB (Cl\u00ednica FOSCAL Internacional)<\/strong> no tolerar\u00e1 amenazas o represalias contra el denunciante y\/o cualquier tercero que participe en el proceso de investigaci\u00f3n.<\/p>\t\t\t\t\t\t<\/div>\n\t\t\t\t<\/div>\n\t\t\t\t<\/div>\n\t\t\t\t\t<\/div>\n\t\t\t\t<\/div>\n\t\t<div class=\"elementor-element elementor-element-8ed06e2 e-flex e-con-boxed e-con e-parent\" data-id=\"8ed06e2\" data-element_type=\"container\">\n\t\t\t\t\t<div class=\"e-con-inner\">\n\t\t\t\t<div class=\"elementor-element elementor-element-3587780 elementor-widget elementor-widget-text-editor\" data-id=\"3587780\" data-element_type=\"widget\" data-widget_type=\"text-editor.default\">\n\t\t\t\t<div class=\"elementor-widget-container\">\n\t\t\t\t\t\t\t<h3>Canales de denuncia<\/h3>\t\t\t\t\t\t<\/div>\n\t\t\t\t<\/div>\n\t\t\t\t\t<\/div>\n\t\t\t\t<\/div>\n\t\t<div class=\"elementor-element elementor-element-193660e e-flex e-con-boxed e-con e-parent\" data-id=\"193660e\" data-element_type=\"container\">\n\t\t\t\t\t<div class=\"e-con-inner\">\n\t\t\t\t<div class=\"elementor-element elementor-element-a51ec49 elementor-widget elementor-widget-text-editor\" data-id=\"a51ec49\" data-element_type=\"widget\" data-widget_type=\"text-editor.default\">\n\t\t\t\t<div class=\"elementor-widget-container\">\n\t\t\t\t\t\t\t<p>La organizaci\u00f3n ha establecido canales de denuncia para las situaciones relacionados con casos de corrupci\u00f3n, opacidad, fraude, soborno y lavado de activos y financiaci\u00f3n del terrorismo, para conocer nuestros canales de atenci\u00f3n dar &lt;&lt;\u00a0<a href=\"https:\/\/fosunab.com.co\/index.php\/canales-denuncia\/\">click aqu\u00ed<\/a>&gt;&gt;.<\/p>\t\t\t\t\t\t<\/div>\n\t\t\t\t<\/div>\n\t\t\t\t\t<\/div>\n\t\t\t\t<\/div>\n\t\t\t\t<\/div>\n\t\t","protected":false},"excerpt":{"rendered":"<p>La Fundaci\u00f3n FOSUNAB (Cl\u00ednica FOSCAL Internacional) presenta programas de prevenci\u00f3n para las actividades que se encuentran por fuera de la legalidad y que atenten contra la conducta \u00e9tica y transparencia empresarial, con el prop\u00f3sito de minimizar los riesgos de corrupci\u00f3n, opacidad, fraude, soborno y soborno transnacional, por lo cu\u00e1l es de gran importancia que se<\/p>\n","protected":false},"author":1,"featured_media":0,"parent":0,"menu_order":0,"comment_status":"closed","ping_status":"closed","template":"","meta":{"footnotes":""},"class_list":["post-176","page","type-page","status-publish","hentry"],"yoast_head":"<!-- This site is optimized with the Yoast SEO plugin v26.2 - https:\/\/yoast.com\/wordpress\/plugins\/seo\/ -->\n<title>Transparencia - Cl\u00ednica Fosunab<\/title>\n<meta name=\"robots\" content=\"index, follow, max-snippet:-1, max-image-preview:large, max-video-preview:-1\" \/>\n<link rel=\"canonical\" href=\"https:\/\/fosunab.com.co\/index.php\/transparencia-acceso-informacion-publica\/\" \/>\n<meta property=\"og:locale\" content=\"es_ES\" \/>\n<meta property=\"og:type\" content=\"article\" \/>\n<meta property=\"og:title\" content=\"Transparencia - Cl\u00ednica Fosunab\" \/>\n<meta property=\"og:description\" content=\"La Fundaci\u00f3n FOSUNAB (Cl\u00ednica FOSCAL Internacional) presenta programas de prevenci\u00f3n para las actividades que se encuentran por fuera de la legalidad y que atenten contra la conducta \u00e9tica y transparencia empresarial, con el prop\u00f3sito de minimizar los riesgos de corrupci\u00f3n, opacidad, fraude, soborno y soborno transnacional, por lo cu\u00e1l es de gran importancia que se\" \/>\n<meta property=\"og:url\" content=\"https:\/\/fosunab.com.co\/index.php\/transparencia-acceso-informacion-publica\/\" \/>\n<meta property=\"og:site_name\" content=\"Cl\u00ednica Fosunab\" \/>\n<meta property=\"article:modified_time\" content=\"2024-02-01T19:56:01+00:00\" \/>\n<meta property=\"og:image\" content=\"https:\/\/fosunab.com.co\/fosunab\/wp-content\/uploads\/2023\/11\/conflicto-interes.jpg\" \/>\n\t<meta property=\"og:image:width\" content=\"450\" \/>\n\t<meta property=\"og:image:height\" content=\"310\" \/>\n\t<meta property=\"og:image:type\" content=\"image\/jpeg\" \/>\n<meta name=\"twitter:card\" content=\"summary_large_image\" \/>\n<meta name=\"twitter:label1\" content=\"Tiempo de lectura\" \/>\n\t<meta name=\"twitter:data1\" content=\"3 minutos\" \/>\n<script type=\"application\/ld+json\" class=\"yoast-schema-graph\">{\"@context\":\"https:\/\/schema.org\",\"@graph\":[{\"@type\":\"WebPage\",\"@id\":\"https:\/\/fosunab.com.co\/index.php\/transparencia-acceso-informacion-publica\/\",\"url\":\"https:\/\/fosunab.com.co\/index.php\/transparencia-acceso-informacion-publica\/\",\"name\":\"Transparencia - Cl\u00ednica Fosunab\",\"isPartOf\":{\"@id\":\"https:\/\/fosunab.com.co\/#website\"},\"primaryImageOfPage\":{\"@id\":\"https:\/\/fosunab.com.co\/index.php\/transparencia-acceso-informacion-publica\/#primaryimage\"},\"image\":{\"@id\":\"https:\/\/fosunab.com.co\/index.php\/transparencia-acceso-informacion-publica\/#primaryimage\"},\"thumbnailUrl\":\"https:\/\/fosunab.com.co\/fosunab\/wp-content\/uploads\/2023\/11\/conflicto-interes.jpg\",\"datePublished\":\"2023-11-10T15:15:00+00:00\",\"dateModified\":\"2024-02-01T19:56:01+00:00\",\"breadcrumb\":{\"@id\":\"https:\/\/fosunab.com.co\/index.php\/transparencia-acceso-informacion-publica\/#breadcrumb\"},\"inLanguage\":\"es\",\"potentialAction\":[{\"@type\":\"ReadAction\",\"target\":[\"https:\/\/fosunab.com.co\/index.php\/transparencia-acceso-informacion-publica\/\"]}]},{\"@type\":\"ImageObject\",\"inLanguage\":\"es\",\"@id\":\"https:\/\/fosunab.com.co\/index.php\/transparencia-acceso-informacion-publica\/#primaryimage\",\"url\":\"https:\/\/fosunab.com.co\/fosunab\/wp-content\/uploads\/2023\/11\/conflicto-interes.jpg\",\"contentUrl\":\"https:\/\/fosunab.com.co\/fosunab\/wp-content\/uploads\/2023\/11\/conflicto-interes.jpg\",\"width\":450,\"height\":310,\"caption\":\"conflicto_interes\"},{\"@type\":\"BreadcrumbList\",\"@id\":\"https:\/\/fosunab.com.co\/index.php\/transparencia-acceso-informacion-publica\/#breadcrumb\",\"itemListElement\":[{\"@type\":\"ListItem\",\"position\":1,\"name\":\"Portada\",\"item\":\"https:\/\/fosunab.com.co\/\"},{\"@type\":\"ListItem\",\"position\":2,\"name\":\"Transparencia\"}]},{\"@type\":\"WebSite\",\"@id\":\"https:\/\/fosunab.com.co\/#website\",\"url\":\"https:\/\/fosunab.com.co\/\",\"name\":\"Cl\u00ednica Fosunab\",\"description\":\"\",\"publisher\":{\"@id\":\"https:\/\/fosunab.com.co\/#organization\"},\"potentialAction\":[{\"@type\":\"SearchAction\",\"target\":{\"@type\":\"EntryPoint\",\"urlTemplate\":\"https:\/\/fosunab.com.co\/?s={search_term_string}\"},\"query-input\":{\"@type\":\"PropertyValueSpecification\",\"valueRequired\":true,\"valueName\":\"search_term_string\"}}],\"inLanguage\":\"es\"},{\"@type\":\"Organization\",\"@id\":\"https:\/\/fosunab.com.co\/#organization\",\"name\":\"Cl\u00ednica Fosunab\",\"url\":\"https:\/\/fosunab.com.co\/\",\"logo\":{\"@type\":\"ImageObject\",\"inLanguage\":\"es\",\"@id\":\"https:\/\/fosunab.com.co\/#\/schema\/logo\/image\/\",\"url\":\"https:\/\/fosunab.com.co\/fosunab\/wp-content\/uploads\/2024\/12\/logo-foscal-internacional-2024.jpg\",\"contentUrl\":\"https:\/\/fosunab.com.co\/fosunab\/wp-content\/uploads\/2024\/12\/logo-foscal-internacional-2024.jpg\",\"width\":333,\"height\":120,\"caption\":\"Cl\u00ednica Fosunab\"},\"image\":{\"@id\":\"https:\/\/fosunab.com.co\/#\/schema\/logo\/image\/\"}}]}<\/script>\n<!-- \/ Yoast SEO plugin. -->","yoast_head_json":{"title":"Transparencia - Cl\u00ednica Fosunab","robots":{"index":"index","follow":"follow","max-snippet":"max-snippet:-1","max-image-preview":"max-image-preview:large","max-video-preview":"max-video-preview:-1"},"canonical":"https:\/\/fosunab.com.co\/index.php\/transparencia-acceso-informacion-publica\/","og_locale":"es_ES","og_type":"article","og_title":"Transparencia - Cl\u00ednica Fosunab","og_description":"La Fundaci\u00f3n FOSUNAB (Cl\u00ednica FOSCAL Internacional) presenta programas de prevenci\u00f3n para las actividades que se encuentran por fuera de la legalidad y que atenten contra la conducta \u00e9tica y transparencia empresarial, con el prop\u00f3sito de minimizar los riesgos de corrupci\u00f3n, opacidad, fraude, soborno y soborno transnacional, por lo cu\u00e1l es de gran importancia que se","og_url":"https:\/\/fosunab.com.co\/index.php\/transparencia-acceso-informacion-publica\/","og_site_name":"Cl\u00ednica Fosunab","article_modified_time":"2024-02-01T19:56:01+00:00","og_image":[{"width":450,"height":310,"url":"https:\/\/fosunab.com.co\/fosunab\/wp-content\/uploads\/2023\/11\/conflicto-interes.jpg","type":"image\/jpeg"}],"twitter_card":"summary_large_image","twitter_misc":{"Tiempo de lectura":"3 minutos"},"schema":{"@context":"https:\/\/schema.org","@graph":[{"@type":"WebPage","@id":"https:\/\/fosunab.com.co\/index.php\/transparencia-acceso-informacion-publica\/","url":"https:\/\/fosunab.com.co\/index.php\/transparencia-acceso-informacion-publica\/","name":"Transparencia - Cl\u00ednica Fosunab","isPartOf":{"@id":"https:\/\/fosunab.com.co\/#website"},"primaryImageOfPage":{"@id":"https:\/\/fosunab.com.co\/index.php\/transparencia-acceso-informacion-publica\/#primaryimage"},"image":{"@id":"https:\/\/fosunab.com.co\/index.php\/transparencia-acceso-informacion-publica\/#primaryimage"},"thumbnailUrl":"https:\/\/fosunab.com.co\/fosunab\/wp-content\/uploads\/2023\/11\/conflicto-interes.jpg","datePublished":"2023-11-10T15:15:00+00:00","dateModified":"2024-02-01T19:56:01+00:00","breadcrumb":{"@id":"https:\/\/fosunab.com.co\/index.php\/transparencia-acceso-informacion-publica\/#breadcrumb"},"inLanguage":"es","potentialAction":[{"@type":"ReadAction","target":["https:\/\/fosunab.com.co\/index.php\/transparencia-acceso-informacion-publica\/"]}]},{"@type":"ImageObject","inLanguage":"es","@id":"https:\/\/fosunab.com.co\/index.php\/transparencia-acceso-informacion-publica\/#primaryimage","url":"https:\/\/fosunab.com.co\/fosunab\/wp-content\/uploads\/2023\/11\/conflicto-interes.jpg","contentUrl":"https:\/\/fosunab.com.co\/fosunab\/wp-content\/uploads\/2023\/11\/conflicto-interes.jpg","width":450,"height":310,"caption":"conflicto_interes"},{"@type":"BreadcrumbList","@id":"https:\/\/fosunab.com.co\/index.php\/transparencia-acceso-informacion-publica\/#breadcrumb","itemListElement":[{"@type":"ListItem","position":1,"name":"Portada","item":"https:\/\/fosunab.com.co\/"},{"@type":"ListItem","position":2,"name":"Transparencia"}]},{"@type":"WebSite","@id":"https:\/\/fosunab.com.co\/#website","url":"https:\/\/fosunab.com.co\/","name":"Cl\u00ednica Fosunab","description":"","publisher":{"@id":"https:\/\/fosunab.com.co\/#organization"},"potentialAction":[{"@type":"SearchAction","target":{"@type":"EntryPoint","urlTemplate":"https:\/\/fosunab.com.co\/?s={search_term_string}"},"query-input":{"@type":"PropertyValueSpecification","valueRequired":true,"valueName":"search_term_string"}}],"inLanguage":"es"},{"@type":"Organization","@id":"https:\/\/fosunab.com.co\/#organization","name":"Cl\u00ednica Fosunab","url":"https:\/\/fosunab.com.co\/","logo":{"@type":"ImageObject","inLanguage":"es","@id":"https:\/\/fosunab.com.co\/#\/schema\/logo\/image\/","url":"https:\/\/fosunab.com.co\/fosunab\/wp-content\/uploads\/2024\/12\/logo-foscal-internacional-2024.jpg","contentUrl":"https:\/\/fosunab.com.co\/fosunab\/wp-content\/uploads\/2024\/12\/logo-foscal-internacional-2024.jpg","width":333,"height":120,"caption":"Cl\u00ednica Fosunab"},"image":{"@id":"https:\/\/fosunab.com.co\/#\/schema\/logo\/image\/"}}]}},"_links":{"self":[{"href":"https:\/\/fosunab.com.co\/index.php\/wp-json\/wp\/v2\/pages\/176","targetHints":{"allow":["GET"]}}],"collection":[{"href":"https:\/\/fosunab.com.co\/index.php\/wp-json\/wp\/v2\/pages"}],"about":[{"href":"https:\/\/fosunab.com.co\/index.php\/wp-json\/wp\/v2\/types\/page"}],"author":[{"embeddable":true,"href":"https:\/\/fosunab.com.co\/index.php\/wp-json\/wp\/v2\/users\/1"}],"replies":[{"embeddable":true,"href":"https:\/\/fosunab.com.co\/index.php\/wp-json\/wp\/v2\/comments?post=176"}],"version-history":[{"count":46,"href":"https:\/\/fosunab.com.co\/index.php\/wp-json\/wp\/v2\/pages\/176\/revisions"}],"predecessor-version":[{"id":1192,"href":"https:\/\/fosunab.com.co\/index.php\/wp-json\/wp\/v2\/pages\/176\/revisions\/1192"}],"wp:attachment":[{"href":"https:\/\/fosunab.com.co\/index.php\/wp-json\/wp\/v2\/media?parent=176"}],"curies":[{"name":"wp","href":"https:\/\/api.w.org\/{rel}","templated":true}]}}