{"id":1154,"date":"2024-01-31T22:48:36","date_gmt":"2024-01-31T21:48:36","guid":{"rendered":"https:\/\/fosunab.com.co\/?page_id=1154"},"modified":"2024-01-31T22:53:04","modified_gmt":"2024-01-31T21:53:04","slug":"pagos-linea","status":"publish","type":"page","link":"https:\/\/fosunab.com.co\/index.php\/pagos-linea\/","title":{"rendered":"Pagos en l\u00ednea"},"content":{"rendered":"\t\t<div data-elementor-type=\"wp-page\" data-elementor-id=\"1154\" class=\"elementor elementor-1154\">\n\t\t\t\t<div class=\"elementor-element elementor-element-f38375a e-flex e-con-boxed e-con e-parent\" data-id=\"f38375a\" data-element_type=\"container\">\n\t\t\t\t\t<div class=\"e-con-inner\">\n\t\t\t\t<div class=\"elementor-element elementor-element-c418924 elementor-widget elementor-widget-html\" data-id=\"c418924\" data-element_type=\"widget\" data-widget_type=\"html.default\">\n\t\t\t\t<div class=\"elementor-widget-container\">\n\t\t\t<div class=\"custom-separator\">\r\n  <span class=\"diamond\"><\/span>\r\n  <span class=\"diamond\"><\/span>\r\n  <span class=\"diamond\"><\/span>\r\n<\/div>\t\t<\/div>\n\t\t\t\t<\/div>\n\t\t\t\t\t<\/div>\n\t\t\t\t<\/div>\n\t\t<div class=\"elementor-element elementor-element-3da5166 e-flex e-con-boxed e-con e-parent\" data-id=\"3da5166\" data-element_type=\"container\">\n\t\t\t\t\t<div class=\"e-con-inner\">\n\t\t\t\t<div class=\"elementor-element elementor-element-b47587e elementor-widget elementor-widget-text-editor\" data-id=\"b47587e\" data-element_type=\"widget\" data-widget_type=\"text-editor.default\">\n\t\t\t\t<div class=\"elementor-widget-container\">\n\t\t\t<style>\/*! elementor - v3.21.0 - 30-04-2024 *\/\n.elementor-widget-text-editor.elementor-drop-cap-view-stacked .elementor-drop-cap{background-color:#69727d;color:#fff}.elementor-widget-text-editor.elementor-drop-cap-view-framed .elementor-drop-cap{color:#69727d;border:3px solid;background-color:transparent}.elementor-widget-text-editor:not(.elementor-drop-cap-view-default) .elementor-drop-cap{margin-top:8px}.elementor-widget-text-editor:not(.elementor-drop-cap-view-default) .elementor-drop-cap-letter{width:1em;height:1em}.elementor-widget-text-editor .elementor-drop-cap{float:left;text-align:center;line-height:1;font-size:50px}.elementor-widget-text-editor .elementor-drop-cap-letter{display:inline-block}<\/style>\t\t\t\t<p>A trav\u00e9s del siguiente medio puedes realizar tus pagos en l\u00ednea.<\/p>\t\t\t\t\t\t<\/div>\n\t\t\t\t<\/div>\n\t\t\t\t\t<\/div>\n\t\t\t\t<\/div>\n\t\t<div class=\"elementor-element elementor-element-9436851 e-flex e-con-boxed e-con e-parent\" data-id=\"9436851\" data-element_type=\"container\">\n\t\t\t\t\t<div class=\"e-con-inner\">\n\t\t<div class=\"elementor-element elementor-element-95cd095 e-con-full e-flex e-con e-child\" data-id=\"95cd095\" data-element_type=\"container\">\n\t\t\t\t<\/div>\n\t\t<a class=\"elementor-element elementor-element-e91215d e-con-full e-flex e-con e-child\" data-id=\"e91215d\" data-element_type=\"container\" data-settings=\"{&quot;background_background&quot;:&quot;classic&quot;}\" href=\"https:\/\/www.psepagos.co\/PSEHostingUI\/ShowTicketOffice.aspx?ID=10737\" target=\"_blank\">\n\t\t\t\t<div class=\"elementor-element elementor-element-0e46e4e elementor-view-default elementor-position-top elementor-mobile-position-top elementor-widget elementor-widget-icon-box\" data-id=\"0e46e4e\" data-element_type=\"widget\" data-widget_type=\"icon-box.default\">\n\t\t\t\t<div class=\"elementor-widget-container\">\n\t\t\t<link rel=\"stylesheet\" href=\"https:\/\/fosunab.com.co\/fosunab\/wp-content\/plugins\/elementor\/assets\/css\/widget-icon-box.min.css\">\t\t<div class=\"elementor-icon-box-wrapper\">\n\n\t\t\t\t\t\t<div class=\"elementor-icon-box-icon\">\n\t\t\t\t<span  class=\"elementor-icon elementor-animation-\">\n\t\t\t\t<svg aria-hidden=\"true\" class=\"e-font-icon-svg e-far-money-bill-alt\" viewBox=\"0 0 640 512\" xmlns=\"http:\/\/www.w3.org\/2000\/svg\"><path d=\"M320 144c-53.02 0-96 50.14-96 112 0 61.85 42.98 112 96 112 53 0 96-50.13 96-112 0-61.86-42.98-112-96-112zm40 168c0 4.42-3.58 8-8 8h-64c-4.42 0-8-3.58-8-8v-16c0-4.42 3.58-8 8-8h16v-55.44l-.47.31a7.992 7.992 0 0 1-11.09-2.22l-8.88-13.31a7.992 7.992 0 0 1 2.22-11.09l15.33-10.22a23.99 23.99 0 0 1 13.31-4.03H328c4.42 0 8 3.58 8 8v88h16c4.42 0 8 3.58 8 8v16zM608 64H32C14.33 64 0 78.33 0 96v320c0 17.67 14.33 32 32 32h576c17.67 0 32-14.33 32-32V96c0-17.67-14.33-32-32-32zm-16 272c-35.35 0-64 28.65-64 64H112c0-35.35-28.65-64-64-64V176c35.35 0 64-28.65 64-64h416c0 35.35 28.65 64 64 64v160z\"><\/path><\/svg>\t\t\t\t<\/span>\n\t\t\t<\/div>\n\t\t\t\n\t\t\t\t\t\t<div class=\"elementor-icon-box-content\">\n\n\t\t\t\t\n\t\t\t\t\t\t\t\t\t<p class=\"elementor-icon-box-description\">\n\t\t\t\t\t\tPlataforma de pagos Fundaci\u00f3n FOSUNAB (FOSCAL Internacional)\n\n\n<svg width=\"30px\" xmlns=\"http:\/\/www.w3.org\/2000\/svg\" viewBox=\"0 0 512 512\"><!--!Font Awesome Free 6.5.1 by @fontawesome - https:\/\/fontawesome.com License - https:\/\/fontawesome.com\/license\/free Copyright 2024 Fonticons, Inc.--><path fill=\"#FFFF\" d=\"M233.4 406.6c12.5 12.5 32.8 12.5 45.3 0l192-192c12.5-12.5 12.5-32.8 0-45.3s-32.8-12.5-45.3 0L256 338.7 86.6 169.4c-12.5-12.5-32.8-12.5-45.3 0s-12.5 32.8 0 45.3l192 192z\"\/><\/svg>\t\t\t\t\t<\/p>\n\t\t\t\t\n\t\t\t<\/div>\n\t\t\t\n\t\t<\/div>\n\t\t\t\t<\/div>\n\t\t\t\t<\/div>\n\t\t\t\t<\/a>\n\t\t<div class=\"elementor-element elementor-element-fa2f663 e-con-full e-flex e-con e-child\" data-id=\"fa2f663\" data-element_type=\"container\">\n\t\t\t\t<\/div>\n\t\t<div class=\"elementor-element elementor-element-063003e e-con-full e-flex e-con e-child\" data-id=\"063003e\" data-element_type=\"container\">\n\t\t\t\t<\/div>\n\t\t<div class=\"elementor-element elementor-element-e9aff02 e-con-full e-flex e-con e-child\" data-id=\"e9aff02\" data-element_type=\"container\">\n\t\t\t\t<\/div>\n\t\t<div class=\"elementor-element elementor-element-da7e646 e-con-full e-flex e-con e-child\" data-id=\"da7e646\" data-element_type=\"container\">\n\t\t\t\t<\/div>\n\t\t\t\t\t<\/div>\n\t\t\t\t<\/div>\n\t\t\t\t<\/div>\n\t\t","protected":false},"excerpt":{"rendered":"<p>A trav\u00e9s del siguiente medio puedes realizar tus pagos en l\u00ednea. Plataforma de pagos Fundaci\u00f3n FOSUNAB (FOSCAL Internacional)<\/p>\n","protected":false},"author":1,"featured_media":0,"parent":0,"menu_order":0,"comment_status":"closed","ping_status":"closed","template":"","meta":{"footnotes":""},"class_list":["post-1154","page","type-page","status-publish","hentry"],"yoast_head":"<!-- This site is optimized with the Yoast SEO plugin v26.2 - https:\/\/yoast.com\/wordpress\/plugins\/seo\/ -->\n<title>Pagos en l\u00ednea - Cl\u00ednica Fosunab<\/title>\n<meta name=\"robots\" content=\"index, follow, max-snippet:-1, max-image-preview:large, max-video-preview:-1\" \/>\n<link rel=\"canonical\" href=\"https:\/\/fosunab.com.co\/index.php\/pagos-linea\/\" \/>\n<meta property=\"og:locale\" content=\"es_ES\" \/>\n<meta property=\"og:type\" content=\"article\" \/>\n<meta property=\"og:title\" content=\"Pagos en l\u00ednea - Cl\u00ednica Fosunab\" \/>\n<meta property=\"og:description\" content=\"A trav\u00e9s del siguiente medio puedes realizar tus pagos en l\u00ednea. Plataforma de pagos Fundaci\u00f3n FOSUNAB (FOSCAL Internacional)\" \/>\n<meta property=\"og:url\" content=\"https:\/\/fosunab.com.co\/index.php\/pagos-linea\/\" \/>\n<meta property=\"og:site_name\" content=\"Cl\u00ednica Fosunab\" \/>\n<meta property=\"article:modified_time\" content=\"2024-01-31T21:53:04+00:00\" \/>\n<meta name=\"twitter:card\" content=\"summary_large_image\" \/>\n<script type=\"application\/ld+json\" class=\"yoast-schema-graph\">{\"@context\":\"https:\/\/schema.org\",\"@graph\":[{\"@type\":\"WebPage\",\"@id\":\"https:\/\/fosunab.com.co\/index.php\/pagos-linea\/\",\"url\":\"https:\/\/fosunab.com.co\/index.php\/pagos-linea\/\",\"name\":\"Pagos en l\u00ednea - Cl\u00ednica Fosunab\",\"isPartOf\":{\"@id\":\"https:\/\/fosunab.com.co\/#website\"},\"datePublished\":\"2024-01-31T21:48:36+00:00\",\"dateModified\":\"2024-01-31T21:53:04+00:00\",\"breadcrumb\":{\"@id\":\"https:\/\/fosunab.com.co\/index.php\/pagos-linea\/#breadcrumb\"},\"inLanguage\":\"es\",\"potentialAction\":[{\"@type\":\"ReadAction\",\"target\":[\"https:\/\/fosunab.com.co\/index.php\/pagos-linea\/\"]}]},{\"@type\":\"BreadcrumbList\",\"@id\":\"https:\/\/fosunab.com.co\/index.php\/pagos-linea\/#breadcrumb\",\"itemListElement\":[{\"@type\":\"ListItem\",\"position\":1,\"name\":\"Portada\",\"item\":\"https:\/\/fosunab.com.co\/\"},{\"@type\":\"ListItem\",\"position\":2,\"name\":\"Pagos en l\u00ednea\"}]},{\"@type\":\"WebSite\",\"@id\":\"https:\/\/fosunab.com.co\/#website\",\"url\":\"https:\/\/fosunab.com.co\/\",\"name\":\"Cl\u00ednica Fosunab\",\"description\":\"\",\"publisher\":{\"@id\":\"https:\/\/fosunab.com.co\/#organization\"},\"potentialAction\":[{\"@type\":\"SearchAction\",\"target\":{\"@type\":\"EntryPoint\",\"urlTemplate\":\"https:\/\/fosunab.com.co\/?s={search_term_string}\"},\"query-input\":{\"@type\":\"PropertyValueSpecification\",\"valueRequired\":true,\"valueName\":\"search_term_string\"}}],\"inLanguage\":\"es\"},{\"@type\":\"Organization\",\"@id\":\"https:\/\/fosunab.com.co\/#organization\",\"name\":\"Cl\u00ednica Fosunab\",\"url\":\"https:\/\/fosunab.com.co\/\",\"logo\":{\"@type\":\"ImageObject\",\"inLanguage\":\"es\",\"@id\":\"https:\/\/fosunab.com.co\/#\/schema\/logo\/image\/\",\"url\":\"https:\/\/fosunab.com.co\/fosunab\/wp-content\/uploads\/2024\/12\/logo-foscal-internacional-2024.jpg\",\"contentUrl\":\"https:\/\/fosunab.com.co\/fosunab\/wp-content\/uploads\/2024\/12\/logo-foscal-internacional-2024.jpg\",\"width\":333,\"height\":120,\"caption\":\"Cl\u00ednica Fosunab\"},\"image\":{\"@id\":\"https:\/\/fosunab.com.co\/#\/schema\/logo\/image\/\"}}]}<\/script>\n<!-- \/ Yoast SEO plugin. -->","yoast_head_json":{"title":"Pagos en l\u00ednea - Cl\u00ednica Fosunab","robots":{"index":"index","follow":"follow","max-snippet":"max-snippet:-1","max-image-preview":"max-image-preview:large","max-video-preview":"max-video-preview:-1"},"canonical":"https:\/\/fosunab.com.co\/index.php\/pagos-linea\/","og_locale":"es_ES","og_type":"article","og_title":"Pagos en l\u00ednea - Cl\u00ednica Fosunab","og_description":"A trav\u00e9s del siguiente medio puedes realizar tus pagos en l\u00ednea. Plataforma de pagos Fundaci\u00f3n FOSUNAB (FOSCAL Internacional)","og_url":"https:\/\/fosunab.com.co\/index.php\/pagos-linea\/","og_site_name":"Cl\u00ednica Fosunab","article_modified_time":"2024-01-31T21:53:04+00:00","twitter_card":"summary_large_image","schema":{"@context":"https:\/\/schema.org","@graph":[{"@type":"WebPage","@id":"https:\/\/fosunab.com.co\/index.php\/pagos-linea\/","url":"https:\/\/fosunab.com.co\/index.php\/pagos-linea\/","name":"Pagos en l\u00ednea - Cl\u00ednica Fosunab","isPartOf":{"@id":"https:\/\/fosunab.com.co\/#website"},"datePublished":"2024-01-31T21:48:36+00:00","dateModified":"2024-01-31T21:53:04+00:00","breadcrumb":{"@id":"https:\/\/fosunab.com.co\/index.php\/pagos-linea\/#breadcrumb"},"inLanguage":"es","potentialAction":[{"@type":"ReadAction","target":["https:\/\/fosunab.com.co\/index.php\/pagos-linea\/"]}]},{"@type":"BreadcrumbList","@id":"https:\/\/fosunab.com.co\/index.php\/pagos-linea\/#breadcrumb","itemListElement":[{"@type":"ListItem","position":1,"name":"Portada","item":"https:\/\/fosunab.com.co\/"},{"@type":"ListItem","position":2,"name":"Pagos en l\u00ednea"}]},{"@type":"WebSite","@id":"https:\/\/fosunab.com.co\/#website","url":"https:\/\/fosunab.com.co\/","name":"Cl\u00ednica Fosunab","description":"","publisher":{"@id":"https:\/\/fosunab.com.co\/#organization"},"potentialAction":[{"@type":"SearchAction","target":{"@type":"EntryPoint","urlTemplate":"https:\/\/fosunab.com.co\/?s={search_term_string}"},"query-input":{"@type":"PropertyValueSpecification","valueRequired":true,"valueName":"search_term_string"}}],"inLanguage":"es"},{"@type":"Organization","@id":"https:\/\/fosunab.com.co\/#organization","name":"Cl\u00ednica Fosunab","url":"https:\/\/fosunab.com.co\/","logo":{"@type":"ImageObject","inLanguage":"es","@id":"https:\/\/fosunab.com.co\/#\/schema\/logo\/image\/","url":"https:\/\/fosunab.com.co\/fosunab\/wp-content\/uploads\/2024\/12\/logo-foscal-internacional-2024.jpg","contentUrl":"https:\/\/fosunab.com.co\/fosunab\/wp-content\/uploads\/2024\/12\/logo-foscal-internacional-2024.jpg","width":333,"height":120,"caption":"Cl\u00ednica Fosunab"},"image":{"@id":"https:\/\/fosunab.com.co\/#\/schema\/logo\/image\/"}}]}},"_links":{"self":[{"href":"https:\/\/fosunab.com.co\/index.php\/wp-json\/wp\/v2\/pages\/1154","targetHints":{"allow":["GET"]}}],"collection":[{"href":"https:\/\/fosunab.com.co\/index.php\/wp-json\/wp\/v2\/pages"}],"about":[{"href":"https:\/\/fosunab.com.co\/index.php\/wp-json\/wp\/v2\/types\/page"}],"author":[{"embeddable":true,"href":"https:\/\/fosunab.com.co\/index.php\/wp-json\/wp\/v2\/users\/1"}],"replies":[{"embeddable":true,"href":"https:\/\/fosunab.com.co\/index.php\/wp-json\/wp\/v2\/comments?post=1154"}],"version-history":[{"count":7,"href":"https:\/\/fosunab.com.co\/index.php\/wp-json\/wp\/v2\/pages\/1154\/revisions"}],"predecessor-version":[{"id":1161,"href":"https:\/\/fosunab.com.co\/index.php\/wp-json\/wp\/v2\/pages\/1154\/revisions\/1161"}],"wp:attachment":[{"href":"https:\/\/fosunab.com.co\/index.php\/wp-json\/wp\/v2\/media?parent=1154"}],"curies":[{"name":"wp","href":"https:\/\/api.w.org\/{rel}","templated":true}]}}