{"id":1136,"date":"2024-01-31T22:35:54","date_gmt":"2024-01-31T21:35:54","guid":{"rendered":"https:\/\/fosunab.com.co\/?page_id=1136"},"modified":"2024-02-01T22:26:25","modified_gmt":"2024-02-01T21:26:25","slug":"inscripcion-proveedores","status":"publish","type":"page","link":"https:\/\/fosunab.com.co\/index.php\/inscripcion-proveedores\/","title":{"rendered":"Inscripci\u00f3n de proveedores"},"content":{"rendered":"\t\t<div data-elementor-type=\"wp-page\" data-elementor-id=\"1136\" class=\"elementor elementor-1136\">\n\t\t\t\t<div class=\"elementor-element elementor-element-b9c1bc1 e-flex e-con-boxed e-con e-parent\" data-id=\"b9c1bc1\" data-element_type=\"container\">\n\t\t\t\t\t<div class=\"e-con-inner\">\n\t\t\t\t<div class=\"elementor-element elementor-element-29a7914 elementor-widget elementor-widget-html\" data-id=\"29a7914\" data-element_type=\"widget\" data-widget_type=\"html.default\">\n\t\t\t\t<div class=\"elementor-widget-container\">\n\t\t\t<div class=\"custom-separator\">\r\n  <span class=\"diamond\"><\/span>\r\n  <span class=\"diamond\"><\/span>\r\n  <span class=\"diamond\"><\/span>\r\n<\/div>\t\t<\/div>\n\t\t\t\t<\/div>\n\t\t\t\t\t<\/div>\n\t\t\t\t<\/div>\n\t\t<div class=\"elementor-element elementor-element-5ba2cdb e-flex e-con-boxed e-con e-parent\" data-id=\"5ba2cdb\" data-element_type=\"container\">\n\t\t\t\t\t<div class=\"e-con-inner\">\n\t\t\t\t<div class=\"elementor-element elementor-element-b495107 elementor-widget elementor-widget-text-editor\" data-id=\"b495107\" data-element_type=\"widget\" data-widget_type=\"text-editor.default\">\n\t\t\t\t<div class=\"elementor-widget-container\">\n\t\t\t<style>\/*! elementor - v3.21.0 - 30-04-2024 *\/\n.elementor-widget-text-editor.elementor-drop-cap-view-stacked .elementor-drop-cap{background-color:#69727d;color:#fff}.elementor-widget-text-editor.elementor-drop-cap-view-framed .elementor-drop-cap{color:#69727d;border:3px solid;background-color:transparent}.elementor-widget-text-editor:not(.elementor-drop-cap-view-default) .elementor-drop-cap{margin-top:8px}.elementor-widget-text-editor:not(.elementor-drop-cap-view-default) .elementor-drop-cap-letter{width:1em;height:1em}.elementor-widget-text-editor .elementor-drop-cap{float:left;text-align:center;line-height:1;font-size:50px}.elementor-widget-text-editor .elementor-drop-cap-letter{display:inline-block}<\/style>\t\t\t\t<div class=\"column mcb-column one column_column big column-margin-\"><div class=\"column_attr clearfix\"><p>Para realizar su inscripci\u00f3n como proveedor de Fundaci\u00f3n FOSUNAB (Cl\u00ednica FOSCAL Internacional), debe diligenciar el formulario que se encuentra en esta p\u00e1gina y anexar su propuesta econ\u00f3mica en archivo PDF .<\/p><h4>Condiciones:<\/h4><p>El formulario debe ser diligenciado en su totalidad. El archivo en PDF que ajunte debe estar identificado con el nombre de su empresa . La respuesta a su inscripci\u00f3n como proveedor se enviar\u00e1 a la cuenta de correo indicada por usted en el formulario. Sus inquietudes son atendidas en el tel\u00e9fono (57) (7)\u00a0<span class=\"highlight\">7000 300<\/span>\u00a0ext. 6336 y 6339, o en la Oficina de Log\u00edstica en la Calle 158 No. 20-95 piso -4 Foscal Internacional, Floridablanca, Santander.<\/p><h4>Formulario:<\/h4><\/div><\/div>\t\t\t\t\t\t<\/div>\n\t\t\t\t<\/div>\n\t\t\t\t\t<\/div>\n\t\t\t\t<\/div>\n\t\t<div class=\"elementor-element elementor-element-905c549 e-flex e-con-boxed e-con e-parent\" data-id=\"905c549\" data-element_type=\"container\">\n\t\t\t\t\t<div class=\"e-con-inner\">\n\t\t\t\t<div class=\"elementor-element elementor-element-c7ee1ec elementor-widget elementor-widget-button\" data-id=\"c7ee1ec\" data-element_type=\"widget\" data-widget_type=\"button.default\">\n\t\t\t\t<div class=\"elementor-widget-container\">\n\t\t\t\t\t<div class=\"elementor-button-wrapper\">\n\t\t\t<a class=\"elementor-button elementor-button-link elementor-size-sm\" href=\"https:\/\/docs.google.com\/forms\/d\/e\/1FAIpQLSchoCvp8ik0ngrp8CPWYQeKuihRhRI0lvA-1NwqhgF9mxad5w\/viewform\" target=\"_blank\">\n\t\t\t\t\t\t<span class=\"elementor-button-content-wrapper\">\n\t\t\t\t\t\t\t\t\t<span class=\"elementor-button-text\"><label style=\"color:white\">Inscripci\u00f3n de proveedores<\/label><\/span>\n\t\t\t\t\t<\/span>\n\t\t\t\t\t<\/a>\n\t\t<\/div>\n\t\t\t\t<\/div>\n\t\t\t\t<\/div>\n\t\t\t\t\t<\/div>\n\t\t\t\t<\/div>\n\t\t\t\t<\/div>\n\t\t","protected":false},"excerpt":{"rendered":"<p>Para realizar su inscripci\u00f3n como proveedor de Fundaci\u00f3n FOSUNAB (Cl\u00ednica FOSCAL Internacional), debe diligenciar el formulario que se encuentra en esta p\u00e1gina y anexar su propuesta econ\u00f3mica en archivo PDF . Condiciones: El formulario debe ser diligenciado en su totalidad. El archivo en PDF que ajunte debe estar identificado con el nombre de su empresa<\/p>\n","protected":false},"author":1,"featured_media":0,"parent":0,"menu_order":0,"comment_status":"closed","ping_status":"closed","template":"","meta":{"footnotes":""},"class_list":["post-1136","page","type-page","status-publish","hentry"],"yoast_head":"<!-- This site is optimized with the Yoast SEO plugin v26.2 - https:\/\/yoast.com\/wordpress\/plugins\/seo\/ -->\n<title>Inscripci\u00f3n de proveedores - Cl\u00ednica Fosunab<\/title>\n<meta name=\"robots\" content=\"index, follow, max-snippet:-1, max-image-preview:large, max-video-preview:-1\" \/>\n<link rel=\"canonical\" href=\"https:\/\/fosunab.com.co\/index.php\/inscripcion-proveedores\/\" \/>\n<meta property=\"og:locale\" content=\"es_ES\" \/>\n<meta property=\"og:type\" content=\"article\" \/>\n<meta property=\"og:title\" content=\"Inscripci\u00f3n de proveedores - Cl\u00ednica Fosunab\" \/>\n<meta property=\"og:description\" content=\"Para realizar su inscripci\u00f3n como proveedor de Fundaci\u00f3n FOSUNAB (Cl\u00ednica FOSCAL Internacional), debe diligenciar el formulario que se encuentra en esta p\u00e1gina y anexar su propuesta econ\u00f3mica en archivo PDF . Condiciones: El formulario debe ser diligenciado en su totalidad. El archivo en PDF que ajunte debe estar identificado con el nombre de su empresa\" \/>\n<meta property=\"og:url\" content=\"https:\/\/fosunab.com.co\/index.php\/inscripcion-proveedores\/\" \/>\n<meta property=\"og:site_name\" content=\"Cl\u00ednica Fosunab\" \/>\n<meta property=\"article:modified_time\" content=\"2024-02-01T21:26:25+00:00\" \/>\n<meta name=\"twitter:card\" content=\"summary_large_image\" \/>\n<meta name=\"twitter:label1\" content=\"Tiempo de lectura\" \/>\n\t<meta name=\"twitter:data1\" content=\"1 minuto\" \/>\n<script type=\"application\/ld+json\" class=\"yoast-schema-graph\">{\"@context\":\"https:\/\/schema.org\",\"@graph\":[{\"@type\":\"WebPage\",\"@id\":\"https:\/\/fosunab.com.co\/index.php\/inscripcion-proveedores\/\",\"url\":\"https:\/\/fosunab.com.co\/index.php\/inscripcion-proveedores\/\",\"name\":\"Inscripci\u00f3n de proveedores - Cl\u00ednica Fosunab\",\"isPartOf\":{\"@id\":\"https:\/\/fosunab.com.co\/#website\"},\"datePublished\":\"2024-01-31T21:35:54+00:00\",\"dateModified\":\"2024-02-01T21:26:25+00:00\",\"breadcrumb\":{\"@id\":\"https:\/\/fosunab.com.co\/index.php\/inscripcion-proveedores\/#breadcrumb\"},\"inLanguage\":\"es\",\"potentialAction\":[{\"@type\":\"ReadAction\",\"target\":[\"https:\/\/fosunab.com.co\/index.php\/inscripcion-proveedores\/\"]}]},{\"@type\":\"BreadcrumbList\",\"@id\":\"https:\/\/fosunab.com.co\/index.php\/inscripcion-proveedores\/#breadcrumb\",\"itemListElement\":[{\"@type\":\"ListItem\",\"position\":1,\"name\":\"Portada\",\"item\":\"https:\/\/fosunab.com.co\/\"},{\"@type\":\"ListItem\",\"position\":2,\"name\":\"Inscripci\u00f3n de proveedores\"}]},{\"@type\":\"WebSite\",\"@id\":\"https:\/\/fosunab.com.co\/#website\",\"url\":\"https:\/\/fosunab.com.co\/\",\"name\":\"Cl\u00ednica Fosunab\",\"description\":\"\",\"publisher\":{\"@id\":\"https:\/\/fosunab.com.co\/#organization\"},\"potentialAction\":[{\"@type\":\"SearchAction\",\"target\":{\"@type\":\"EntryPoint\",\"urlTemplate\":\"https:\/\/fosunab.com.co\/?s={search_term_string}\"},\"query-input\":{\"@type\":\"PropertyValueSpecification\",\"valueRequired\":true,\"valueName\":\"search_term_string\"}}],\"inLanguage\":\"es\"},{\"@type\":\"Organization\",\"@id\":\"https:\/\/fosunab.com.co\/#organization\",\"name\":\"Cl\u00ednica Fosunab\",\"url\":\"https:\/\/fosunab.com.co\/\",\"logo\":{\"@type\":\"ImageObject\",\"inLanguage\":\"es\",\"@id\":\"https:\/\/fosunab.com.co\/#\/schema\/logo\/image\/\",\"url\":\"https:\/\/fosunab.com.co\/fosunab\/wp-content\/uploads\/2024\/12\/logo-foscal-internacional-2024.jpg\",\"contentUrl\":\"https:\/\/fosunab.com.co\/fosunab\/wp-content\/uploads\/2024\/12\/logo-foscal-internacional-2024.jpg\",\"width\":333,\"height\":120,\"caption\":\"Cl\u00ednica Fosunab\"},\"image\":{\"@id\":\"https:\/\/fosunab.com.co\/#\/schema\/logo\/image\/\"}}]}<\/script>\n<!-- \/ Yoast SEO plugin. -->","yoast_head_json":{"title":"Inscripci\u00f3n de proveedores - Cl\u00ednica Fosunab","robots":{"index":"index","follow":"follow","max-snippet":"max-snippet:-1","max-image-preview":"max-image-preview:large","max-video-preview":"max-video-preview:-1"},"canonical":"https:\/\/fosunab.com.co\/index.php\/inscripcion-proveedores\/","og_locale":"es_ES","og_type":"article","og_title":"Inscripci\u00f3n de proveedores - Cl\u00ednica Fosunab","og_description":"Para realizar su inscripci\u00f3n como proveedor de Fundaci\u00f3n FOSUNAB (Cl\u00ednica FOSCAL Internacional), debe diligenciar el formulario que se encuentra en esta p\u00e1gina y anexar su propuesta econ\u00f3mica en archivo PDF . Condiciones: El formulario debe ser diligenciado en su totalidad. El archivo en PDF que ajunte debe estar identificado con el nombre de su empresa","og_url":"https:\/\/fosunab.com.co\/index.php\/inscripcion-proveedores\/","og_site_name":"Cl\u00ednica Fosunab","article_modified_time":"2024-02-01T21:26:25+00:00","twitter_card":"summary_large_image","twitter_misc":{"Tiempo de lectura":"1 minuto"},"schema":{"@context":"https:\/\/schema.org","@graph":[{"@type":"WebPage","@id":"https:\/\/fosunab.com.co\/index.php\/inscripcion-proveedores\/","url":"https:\/\/fosunab.com.co\/index.php\/inscripcion-proveedores\/","name":"Inscripci\u00f3n de proveedores - Cl\u00ednica Fosunab","isPartOf":{"@id":"https:\/\/fosunab.com.co\/#website"},"datePublished":"2024-01-31T21:35:54+00:00","dateModified":"2024-02-01T21:26:25+00:00","breadcrumb":{"@id":"https:\/\/fosunab.com.co\/index.php\/inscripcion-proveedores\/#breadcrumb"},"inLanguage":"es","potentialAction":[{"@type":"ReadAction","target":["https:\/\/fosunab.com.co\/index.php\/inscripcion-proveedores\/"]}]},{"@type":"BreadcrumbList","@id":"https:\/\/fosunab.com.co\/index.php\/inscripcion-proveedores\/#breadcrumb","itemListElement":[{"@type":"ListItem","position":1,"name":"Portada","item":"https:\/\/fosunab.com.co\/"},{"@type":"ListItem","position":2,"name":"Inscripci\u00f3n de proveedores"}]},{"@type":"WebSite","@id":"https:\/\/fosunab.com.co\/#website","url":"https:\/\/fosunab.com.co\/","name":"Cl\u00ednica Fosunab","description":"","publisher":{"@id":"https:\/\/fosunab.com.co\/#organization"},"potentialAction":[{"@type":"SearchAction","target":{"@type":"EntryPoint","urlTemplate":"https:\/\/fosunab.com.co\/?s={search_term_string}"},"query-input":{"@type":"PropertyValueSpecification","valueRequired":true,"valueName":"search_term_string"}}],"inLanguage":"es"},{"@type":"Organization","@id":"https:\/\/fosunab.com.co\/#organization","name":"Cl\u00ednica Fosunab","url":"https:\/\/fosunab.com.co\/","logo":{"@type":"ImageObject","inLanguage":"es","@id":"https:\/\/fosunab.com.co\/#\/schema\/logo\/image\/","url":"https:\/\/fosunab.com.co\/fosunab\/wp-content\/uploads\/2024\/12\/logo-foscal-internacional-2024.jpg","contentUrl":"https:\/\/fosunab.com.co\/fosunab\/wp-content\/uploads\/2024\/12\/logo-foscal-internacional-2024.jpg","width":333,"height":120,"caption":"Cl\u00ednica Fosunab"},"image":{"@id":"https:\/\/fosunab.com.co\/#\/schema\/logo\/image\/"}}]}},"_links":{"self":[{"href":"https:\/\/fosunab.com.co\/index.php\/wp-json\/wp\/v2\/pages\/1136","targetHints":{"allow":["GET"]}}],"collection":[{"href":"https:\/\/fosunab.com.co\/index.php\/wp-json\/wp\/v2\/pages"}],"about":[{"href":"https:\/\/fosunab.com.co\/index.php\/wp-json\/wp\/v2\/types\/page"}],"author":[{"embeddable":true,"href":"https:\/\/fosunab.com.co\/index.php\/wp-json\/wp\/v2\/users\/1"}],"replies":[{"embeddable":true,"href":"https:\/\/fosunab.com.co\/index.php\/wp-json\/wp\/v2\/comments?post=1136"}],"version-history":[{"count":22,"href":"https:\/\/fosunab.com.co\/index.php\/wp-json\/wp\/v2\/pages\/1136\/revisions"}],"predecessor-version":[{"id":1292,"href":"https:\/\/fosunab.com.co\/index.php\/wp-json\/wp\/v2\/pages\/1136\/revisions\/1292"}],"wp:attachment":[{"href":"https:\/\/fosunab.com.co\/index.php\/wp-json\/wp\/v2\/media?parent=1136"}],"curies":[{"name":"wp","href":"https:\/\/api.w.org\/{rel}","templated":true}]}}