{"id":1025,"date":"2024-01-31T17:52:28","date_gmt":"2024-01-31T16:52:28","guid":{"rendered":"https:\/\/fosunab.com.co\/?page_id=1025"},"modified":"2024-02-01T22:22:30","modified_gmt":"2024-02-01T21:22:30","slug":"sarlaft","status":"publish","type":"page","link":"https:\/\/fosunab.com.co\/index.php\/sarlaft\/","title":{"rendered":"SARLAFT"},"content":{"rendered":"\t\t<div data-elementor-type=\"wp-page\" data-elementor-id=\"1025\" class=\"elementor elementor-1025\">\n\t\t\t\t<div class=\"elementor-element elementor-element-a260f4d e-flex e-con-boxed e-con e-parent\" data-id=\"a260f4d\" data-element_type=\"container\">\n\t\t\t\t\t<div class=\"e-con-inner\">\n\t\t\t\t<div class=\"elementor-element elementor-element-468a171 elementor-widget elementor-widget-heading\" data-id=\"468a171\" data-element_type=\"widget\" data-widget_type=\"heading.default\">\n\t\t\t\t<div class=\"elementor-widget-container\">\n\t\t\t<style>\/*! elementor - v3.21.0 - 30-04-2024 *\/\n.elementor-heading-title{padding:0;margin:0;line-height:1}.elementor-widget-heading .elementor-heading-title[class*=elementor-size-]>a{color:inherit;font-size:inherit;line-height:inherit}.elementor-widget-heading .elementor-heading-title.elementor-size-small{font-size:15px}.elementor-widget-heading .elementor-heading-title.elementor-size-medium{font-size:19px}.elementor-widget-heading .elementor-heading-title.elementor-size-large{font-size:29px}.elementor-widget-heading .elementor-heading-title.elementor-size-xl{font-size:39px}.elementor-widget-heading .elementor-heading-title.elementor-size-xxl{font-size:59px}<\/style><h2 class=\"elementor-heading-title elementor-size-large\">Implementaci\u00f3n del SARLAFT como prevenci\u00f3n de Lavado de Activos y Financiaci\u00f3n del Terrorismo<\/h2>\t\t<\/div>\n\t\t\t\t<\/div>\n\t\t\t\t\t<\/div>\n\t\t\t\t<\/div>\n\t\t<div class=\"elementor-element elementor-element-b9c1bc1 e-flex e-con-boxed e-con e-parent\" data-id=\"b9c1bc1\" data-element_type=\"container\">\n\t\t\t\t\t<div class=\"e-con-inner\">\n\t\t\t\t<div class=\"elementor-element elementor-element-29a7914 elementor-widget elementor-widget-html\" data-id=\"29a7914\" data-element_type=\"widget\" data-widget_type=\"html.default\">\n\t\t\t\t<div class=\"elementor-widget-container\">\n\t\t\t<div class=\"custom-separator\">\r\n  <span class=\"diamond\"><\/span>\r\n  <span class=\"diamond\"><\/span>\r\n  <span class=\"diamond\"><\/span>\r\n<\/div>\t\t<\/div>\n\t\t\t\t<\/div>\n\t\t\t\t\t<\/div>\n\t\t\t\t<\/div>\n\t\t<div class=\"elementor-element elementor-element-c4813dc e-flex e-con-boxed e-con e-parent\" data-id=\"c4813dc\" data-element_type=\"container\">\n\t\t\t\t\t<div class=\"e-con-inner\">\n\t\t\t\t<div class=\"elementor-element elementor-element-ceda56d elementor-widget elementor-widget-image\" data-id=\"ceda56d\" data-element_type=\"widget\" data-widget_type=\"image.default\">\n\t\t\t\t<div class=\"elementor-widget-container\">\n\t\t\t<style>\/*! elementor - v3.21.0 - 30-04-2024 *\/\n.elementor-widget-image{text-align:center}.elementor-widget-image a{display:inline-block}.elementor-widget-image a img[src$=\".svg\"]{width:48px}.elementor-widget-image img{vertical-align:middle;display:inline-block}<\/style>\t\t\t\t\t\t\t\t\t\t<img fetchpriority=\"high\" decoding=\"async\" width=\"640\" height=\"361\" src=\"https:\/\/fosunab.com.co\/fosunab\/wp-content\/uploads\/2024\/01\/sarlaft.jpg\" class=\"attachment-large size-large wp-image-1028\" alt=\"SARLAFT\" srcset=\"https:\/\/fosunab.com.co\/fosunab\/wp-content\/uploads\/2024\/01\/sarlaft.jpg 811w, https:\/\/fosunab.com.co\/fosunab\/wp-content\/uploads\/2024\/01\/sarlaft-300x169.jpg 300w, https:\/\/fosunab.com.co\/fosunab\/wp-content\/uploads\/2024\/01\/sarlaft-768x434.jpg 768w\" sizes=\"(max-width: 640px) 100vw, 640px\" \/>\t\t\t\t\t\t\t\t\t\t\t\t\t<\/div>\n\t\t\t\t<\/div>\n\t\t\t\t\t<\/div>\n\t\t\t\t<\/div>\n\t\t<div class=\"elementor-element elementor-element-5ba2cdb e-flex e-con-boxed e-con e-parent\" data-id=\"5ba2cdb\" data-element_type=\"container\">\n\t\t\t\t\t<div class=\"e-con-inner\">\n\t\t\t\t<div class=\"elementor-element elementor-element-b495107 elementor-widget elementor-widget-text-editor\" data-id=\"b495107\" data-element_type=\"widget\" data-widget_type=\"text-editor.default\">\n\t\t\t\t<div class=\"elementor-widget-container\">\n\t\t\t<style>\/*! elementor - v3.21.0 - 30-04-2024 *\/\n.elementor-widget-text-editor.elementor-drop-cap-view-stacked .elementor-drop-cap{background-color:#69727d;color:#fff}.elementor-widget-text-editor.elementor-drop-cap-view-framed .elementor-drop-cap{color:#69727d;border:3px solid;background-color:transparent}.elementor-widget-text-editor:not(.elementor-drop-cap-view-default) .elementor-drop-cap{margin-top:8px}.elementor-widget-text-editor:not(.elementor-drop-cap-view-default) .elementor-drop-cap-letter{width:1em;height:1em}.elementor-widget-text-editor .elementor-drop-cap{float:left;text-align:center;line-height:1;font-size:50px}.elementor-widget-text-editor .elementor-drop-cap-letter{display:inline-block}<\/style>\t\t\t\t<div class=\"column mcb-column one column_column big column-margin-\"><div class=\"column_attr clearfix\"><p>La<strong> Fundaci\u00f3n FOSUNAB (Cl\u00ednica FOSCAL Internacional)<\/strong>, en labor de prevenci\u00f3n y cumplimiento del marco legal, <strong>ha mantenido el prop\u00f3sito de evitar ser utilizada para dar apariencia de legalidad a activos provenientes de actividades delictivas o para la canalizaci\u00f3n de recursos con objetivos terroristas<\/strong>. En raz\u00f3n a lo anterior,\u00a0<strong>ha adoptado e implementado un Sistema de Administraci\u00f3n de Riesgo de Lavado de Activos y Financiaci\u00f3n del Terrorismo, SARLAFT<\/strong>, como parte de la cultura organizacional, basado en elementos e instrumentos de divulgaci\u00f3n a trav\u00e9s de pol\u00edticas y procedimientos orientados a la prevenci\u00f3n, detecci\u00f3n y reporte de operaciones relacionadas. Este sistema contempla el cumplimiento de la Circular Externa 009 de Abril 2016 emitida por la Superintendencia Nacional de Salud<\/p><p>Las pol\u00edticas, controles y procedimientos implementados para la adecuada administraci\u00f3n del riesgo, son acciones que buscan la debida diligencia enfocadas a la prevenci\u00f3n del Lavado de Activos y la Financiaci\u00f3n del Terrorismo. Entre otros aspectos el SARLAFT incorpora actividades para el conocimiento del cliente y\/o contrapartes y sus operaciones, monitoreo de transacciones, capacitaci\u00f3n al personal y reportes de operaciones sospechosas y los dem\u00e1s reportes de acuerdo a lo requerido por las autoridades competentes.<\/p><p><strong>Los procedimientos y reglas de conducta sobre la aplicaci\u00f3n de todos los mecanismos e instrumentos de control del SARLAFT, est\u00e1n contemplados en el Manual del SARLAFT y en el C\u00f3digo de Buen Gobierno Corporativo<\/strong>, los cuales son de obligatorio cumplimiento por todos los funcionarios. Asimismo, estas normas de conducta se encuentran en los procedimientos institucionales de las \u00e1reas y departamentos sensibles de acuerdo a la identificaci\u00f3n del riesgo.<\/p><p>Las pol\u00edticas de prevenci\u00f3n y control del riesgo de LA\/FT contempla entre otros aspectos los siguientes:<\/p><ol><li>Conocimiento del cliente y\/o contraparte, mediante actividades de debida diligencia, el cual es realizado previo a la aprobaci\u00f3n de la vinculaci\u00f3n con la instituci\u00f3n, para lo cual, se establecieron mecanismos en los que se procura obtener y mantener actualizada la informaci\u00f3n de los mismos anualmente.<\/li><li>Realizar monitoreo permanente de las transacciones de los clientes y\/o contrapartes, cuyo prop\u00f3sito principal es identificar se\u00f1ales de alerta de operaciones inusuales o sospechosas, para determinar el respectivo reporte oportuno de las operaciones en menci\u00f3n a la ida por la UIAF y organismos de control competentes.<\/li><li>Reconocer la importancia de la aplicaci\u00f3n, es por ello que la alta Direcci\u00f3n, desarroll\u00f3 programas de capacitaci\u00f3n a todos los funcionarios en temas relacionados con el Sistema de Administraci\u00f3n del Riesgo y Financiaci\u00f3n del Terrorismo, SARLAFT, a trav\u00e9s de los programas de inducci\u00f3n, reinducci\u00f3n y capacitaciones virtuales entre otros espacios dispuestos internamente. Asimismo, a aquellos funcionarios que tienen contacto directo con clientes y\/o contrapartes definidos de mayor riesgo reciben capacitaci\u00f3n espec\u00edfica de debida diligencia.<\/li><li>Para el desarrollo de las funciones establecidas por las normas legales y conscientes del compromiso que tienen con el SARLAFT, se ha designado un Oficial de Cumplimiento debidamente posesionado ante la Superintendencia Nacional de Colombia.<\/li><li>Verificaci\u00f3n independiente por parte de la Revisor\u00eda Fiscal y Auditor\u00eda Interna para asegurar el cumplimiento de las pol\u00edticas y procedimientos implementados por la Instituci\u00f3n.<\/li><\/ol><\/div><\/div>\t\t\t\t\t\t<\/div>\n\t\t\t\t<\/div>\n\t\t\t\t\t<\/div>\n\t\t\t\t<\/div>\n\t\t<div class=\"elementor-element elementor-element-8c97b63 e-flex e-con-boxed e-con e-parent\" data-id=\"8c97b63\" data-element_type=\"container\">\n\t\t\t\t\t<div class=\"e-con-inner\">\n\t\t<div class=\"elementor-element elementor-element-592e496 e-con-full e-flex e-con e-child\" data-id=\"592e496\" data-element_type=\"container\">\n\t\t\t\t<\/div>\n\t\t<a class=\"elementor-element elementor-element-0065a1a e-con-full e-flex e-con e-child\" data-id=\"0065a1a\" data-element_type=\"container\" data-settings=\"{&quot;background_background&quot;:&quot;classic&quot;}\" href=\"https:\/\/www.fosunab.com.co\/docs\/manual-sarlaft-fosunab.pdf\" target=\"_blank\">\n\t\t\t\t<div class=\"elementor-element elementor-element-35ae22d elementor-view-default elementor-position-top elementor-mobile-position-top elementor-widget elementor-widget-icon-box\" data-id=\"35ae22d\" data-element_type=\"widget\" data-widget_type=\"icon-box.default\">\n\t\t\t\t<div class=\"elementor-widget-container\">\n\t\t\t<link rel=\"stylesheet\" href=\"https:\/\/fosunab.com.co\/fosunab\/wp-content\/plugins\/elementor\/assets\/css\/widget-icon-box.min.css\">\t\t<div class=\"elementor-icon-box-wrapper\">\n\n\t\t\t\t\t\t<div class=\"elementor-icon-box-icon\">\n\t\t\t\t<span  class=\"elementor-icon elementor-animation-\">\n\t\t\t\t<svg aria-hidden=\"true\" class=\"e-font-icon-svg e-fas-book\" viewBox=\"0 0 448 512\" xmlns=\"http:\/\/www.w3.org\/2000\/svg\"><path d=\"M448 360V24c0-13.3-10.7-24-24-24H96C43 0 0 43 0 96v320c0 53 43 96 96 96h328c13.3 0 24-10.7 24-24v-16c0-7.5-3.5-14.3-8.9-18.7-4.2-15.4-4.2-59.3 0-74.7 5.4-4.3 8.9-11.1 8.9-18.6zM128 134c0-3.3 2.7-6 6-6h212c3.3 0 6 2.7 6 6v20c0 3.3-2.7 6-6 6H134c-3.3 0-6-2.7-6-6v-20zm0 64c0-3.3 2.7-6 6-6h212c3.3 0 6 2.7 6 6v20c0 3.3-2.7 6-6 6H134c-3.3 0-6-2.7-6-6v-20zm253.4 250H96c-17.7 0-32-14.3-32-32 0-17.6 14.4-32 32-32h285.4c-1.9 17.1-1.9 46.9 0 64z\"><\/path><\/svg>\t\t\t\t<\/span>\n\t\t\t<\/div>\n\t\t\t\n\t\t\t\t\t\t<div class=\"elementor-icon-box-content\">\n\n\t\t\t\t\n\t\t\t\t\t\t\t\t\t<p class=\"elementor-icon-box-description\">\n\t\t\t\t\t\t\n<label style=\"color:white\" >MANUAL DEL SISTEMA DE ADMISTRACI\u00d3N DEL RIESGO DE LAVADO DE ACTIVOS Y LA FINANCIACI\u00d3N DEL TERRORISMO\u201cSARLAFT\u201d <strong>Fundaci\u00f3n FOSUNAB<\/strong><\/label>\n<br>\n<svg width=\"30px\" xmlns=\"http:\/\/www.w3.org\/2000\/svg\" viewBox=\"0 0 512 512\"><!--!Font Awesome Free 6.5.1 by @fontawesome - https:\/\/fontawesome.com License - https:\/\/fontawesome.com\/license\/free Copyright 2024 Fonticons, Inc.--><path fill=\"#FFFF\" d=\"M233.4 406.6c12.5 12.5 32.8 12.5 45.3 0l192-192c12.5-12.5 12.5-32.8 0-45.3s-32.8-12.5-45.3 0L256 338.7 86.6 169.4c-12.5-12.5-32.8-12.5-45.3 0s-12.5 32.8 0 45.3l192 192z\"\/><\/svg>\t\t\t\t\t<\/p>\n\t\t\t\t\n\t\t\t<\/div>\n\t\t\t\n\t\t<\/div>\n\t\t\t\t<\/div>\n\t\t\t\t<\/div>\n\t\t\t\t<\/a>\n\t\t<div class=\"elementor-element elementor-element-13836c9 e-con-full e-flex e-con e-child\" data-id=\"13836c9\" data-element_type=\"container\">\n\t\t\t\t<\/div>\n\t\t\t\t\t<\/div>\n\t\t\t\t<\/div>\n\t\t\t\t<\/div>\n\t\t","protected":false},"excerpt":{"rendered":"<p>Implementaci\u00f3n del SARLAFT como prevenci\u00f3n de Lavado de Activos y Financiaci\u00f3n del Terrorismo La Fundaci\u00f3n FOSUNAB (Cl\u00ednica FOSCAL Internacional), en labor de prevenci\u00f3n y cumplimiento del marco legal, ha mantenido el prop\u00f3sito de evitar ser utilizada para dar apariencia de legalidad a activos provenientes de actividades delictivas o para la canalizaci\u00f3n de recursos con objetivos<\/p>\n","protected":false},"author":1,"featured_media":0,"parent":0,"menu_order":0,"comment_status":"closed","ping_status":"closed","template":"","meta":{"footnotes":""},"class_list":["post-1025","page","type-page","status-publish","hentry"],"yoast_head":"<!-- This site is optimized with the Yoast SEO plugin v26.2 - https:\/\/yoast.com\/wordpress\/plugins\/seo\/ -->\n<title>SARLAFT - Cl\u00ednica Fosunab<\/title>\n<meta name=\"robots\" content=\"index, follow, max-snippet:-1, max-image-preview:large, max-video-preview:-1\" \/>\n<link rel=\"canonical\" href=\"https:\/\/fosunab.com.co\/index.php\/sarlaft\/\" \/>\n<meta property=\"og:locale\" content=\"es_ES\" \/>\n<meta property=\"og:type\" content=\"article\" \/>\n<meta property=\"og:title\" content=\"SARLAFT - Cl\u00ednica Fosunab\" \/>\n<meta property=\"og:description\" content=\"Implementaci\u00f3n del SARLAFT como prevenci\u00f3n de Lavado de Activos y Financiaci\u00f3n del Terrorismo La Fundaci\u00f3n FOSUNAB (Cl\u00ednica FOSCAL Internacional), en labor de prevenci\u00f3n y cumplimiento del marco legal, ha mantenido el prop\u00f3sito de evitar ser utilizada para dar apariencia de legalidad a activos provenientes de actividades delictivas o para la canalizaci\u00f3n de recursos con objetivos\" \/>\n<meta property=\"og:url\" content=\"https:\/\/fosunab.com.co\/index.php\/sarlaft\/\" \/>\n<meta property=\"og:site_name\" content=\"Cl\u00ednica Fosunab\" \/>\n<meta property=\"article:modified_time\" content=\"2024-02-01T21:22:30+00:00\" \/>\n<meta property=\"og:image\" content=\"https:\/\/fosunab.com.co\/fosunab\/wp-content\/uploads\/2024\/01\/sarlaft.jpg\" \/>\n\t<meta property=\"og:image:width\" content=\"811\" \/>\n\t<meta property=\"og:image:height\" content=\"458\" \/>\n\t<meta property=\"og:image:type\" content=\"image\/jpeg\" \/>\n<meta name=\"twitter:card\" content=\"summary_large_image\" \/>\n<meta name=\"twitter:label1\" content=\"Tiempo de lectura\" \/>\n\t<meta name=\"twitter:data1\" content=\"3 minutos\" \/>\n<script type=\"application\/ld+json\" class=\"yoast-schema-graph\">{\"@context\":\"https:\/\/schema.org\",\"@graph\":[{\"@type\":\"WebPage\",\"@id\":\"https:\/\/fosunab.com.co\/index.php\/sarlaft\/\",\"url\":\"https:\/\/fosunab.com.co\/index.php\/sarlaft\/\",\"name\":\"SARLAFT - Cl\u00ednica Fosunab\",\"isPartOf\":{\"@id\":\"https:\/\/fosunab.com.co\/#website\"},\"primaryImageOfPage\":{\"@id\":\"https:\/\/fosunab.com.co\/index.php\/sarlaft\/#primaryimage\"},\"image\":{\"@id\":\"https:\/\/fosunab.com.co\/index.php\/sarlaft\/#primaryimage\"},\"thumbnailUrl\":\"https:\/\/fosunab.com.co\/fosunab\/wp-content\/uploads\/2024\/01\/sarlaft.jpg\",\"datePublished\":\"2024-01-31T16:52:28+00:00\",\"dateModified\":\"2024-02-01T21:22:30+00:00\",\"breadcrumb\":{\"@id\":\"https:\/\/fosunab.com.co\/index.php\/sarlaft\/#breadcrumb\"},\"inLanguage\":\"es\",\"potentialAction\":[{\"@type\":\"ReadAction\",\"target\":[\"https:\/\/fosunab.com.co\/index.php\/sarlaft\/\"]}]},{\"@type\":\"ImageObject\",\"inLanguage\":\"es\",\"@id\":\"https:\/\/fosunab.com.co\/index.php\/sarlaft\/#primaryimage\",\"url\":\"https:\/\/fosunab.com.co\/fosunab\/wp-content\/uploads\/2024\/01\/sarlaft.jpg\",\"contentUrl\":\"https:\/\/fosunab.com.co\/fosunab\/wp-content\/uploads\/2024\/01\/sarlaft.jpg\",\"width\":811,\"height\":458,\"caption\":\"SARLAFT\"},{\"@type\":\"BreadcrumbList\",\"@id\":\"https:\/\/fosunab.com.co\/index.php\/sarlaft\/#breadcrumb\",\"itemListElement\":[{\"@type\":\"ListItem\",\"position\":1,\"name\":\"Portada\",\"item\":\"https:\/\/fosunab.com.co\/\"},{\"@type\":\"ListItem\",\"position\":2,\"name\":\"SARLAFT\"}]},{\"@type\":\"WebSite\",\"@id\":\"https:\/\/fosunab.com.co\/#website\",\"url\":\"https:\/\/fosunab.com.co\/\",\"name\":\"Cl\u00ednica Fosunab\",\"description\":\"\",\"publisher\":{\"@id\":\"https:\/\/fosunab.com.co\/#organization\"},\"potentialAction\":[{\"@type\":\"SearchAction\",\"target\":{\"@type\":\"EntryPoint\",\"urlTemplate\":\"https:\/\/fosunab.com.co\/?s={search_term_string}\"},\"query-input\":{\"@type\":\"PropertyValueSpecification\",\"valueRequired\":true,\"valueName\":\"search_term_string\"}}],\"inLanguage\":\"es\"},{\"@type\":\"Organization\",\"@id\":\"https:\/\/fosunab.com.co\/#organization\",\"name\":\"Cl\u00ednica Fosunab\",\"url\":\"https:\/\/fosunab.com.co\/\",\"logo\":{\"@type\":\"ImageObject\",\"inLanguage\":\"es\",\"@id\":\"https:\/\/fosunab.com.co\/#\/schema\/logo\/image\/\",\"url\":\"https:\/\/fosunab.com.co\/fosunab\/wp-content\/uploads\/2024\/12\/logo-foscal-internacional-2024.jpg\",\"contentUrl\":\"https:\/\/fosunab.com.co\/fosunab\/wp-content\/uploads\/2024\/12\/logo-foscal-internacional-2024.jpg\",\"width\":333,\"height\":120,\"caption\":\"Cl\u00ednica Fosunab\"},\"image\":{\"@id\":\"https:\/\/fosunab.com.co\/#\/schema\/logo\/image\/\"}}]}<\/script>\n<!-- \/ Yoast SEO plugin. -->","yoast_head_json":{"title":"SARLAFT - Cl\u00ednica Fosunab","robots":{"index":"index","follow":"follow","max-snippet":"max-snippet:-1","max-image-preview":"max-image-preview:large","max-video-preview":"max-video-preview:-1"},"canonical":"https:\/\/fosunab.com.co\/index.php\/sarlaft\/","og_locale":"es_ES","og_type":"article","og_title":"SARLAFT - Cl\u00ednica Fosunab","og_description":"Implementaci\u00f3n del SARLAFT como prevenci\u00f3n de Lavado de Activos y Financiaci\u00f3n del Terrorismo La Fundaci\u00f3n FOSUNAB (Cl\u00ednica FOSCAL Internacional), en labor de prevenci\u00f3n y cumplimiento del marco legal, ha mantenido el prop\u00f3sito de evitar ser utilizada para dar apariencia de legalidad a activos provenientes de actividades delictivas o para la canalizaci\u00f3n de recursos con objetivos","og_url":"https:\/\/fosunab.com.co\/index.php\/sarlaft\/","og_site_name":"Cl\u00ednica Fosunab","article_modified_time":"2024-02-01T21:22:30+00:00","og_image":[{"width":811,"height":458,"url":"https:\/\/fosunab.com.co\/fosunab\/wp-content\/uploads\/2024\/01\/sarlaft.jpg","type":"image\/jpeg"}],"twitter_card":"summary_large_image","twitter_misc":{"Tiempo de lectura":"3 minutos"},"schema":{"@context":"https:\/\/schema.org","@graph":[{"@type":"WebPage","@id":"https:\/\/fosunab.com.co\/index.php\/sarlaft\/","url":"https:\/\/fosunab.com.co\/index.php\/sarlaft\/","name":"SARLAFT - Cl\u00ednica Fosunab","isPartOf":{"@id":"https:\/\/fosunab.com.co\/#website"},"primaryImageOfPage":{"@id":"https:\/\/fosunab.com.co\/index.php\/sarlaft\/#primaryimage"},"image":{"@id":"https:\/\/fosunab.com.co\/index.php\/sarlaft\/#primaryimage"},"thumbnailUrl":"https:\/\/fosunab.com.co\/fosunab\/wp-content\/uploads\/2024\/01\/sarlaft.jpg","datePublished":"2024-01-31T16:52:28+00:00","dateModified":"2024-02-01T21:22:30+00:00","breadcrumb":{"@id":"https:\/\/fosunab.com.co\/index.php\/sarlaft\/#breadcrumb"},"inLanguage":"es","potentialAction":[{"@type":"ReadAction","target":["https:\/\/fosunab.com.co\/index.php\/sarlaft\/"]}]},{"@type":"ImageObject","inLanguage":"es","@id":"https:\/\/fosunab.com.co\/index.php\/sarlaft\/#primaryimage","url":"https:\/\/fosunab.com.co\/fosunab\/wp-content\/uploads\/2024\/01\/sarlaft.jpg","contentUrl":"https:\/\/fosunab.com.co\/fosunab\/wp-content\/uploads\/2024\/01\/sarlaft.jpg","width":811,"height":458,"caption":"SARLAFT"},{"@type":"BreadcrumbList","@id":"https:\/\/fosunab.com.co\/index.php\/sarlaft\/#breadcrumb","itemListElement":[{"@type":"ListItem","position":1,"name":"Portada","item":"https:\/\/fosunab.com.co\/"},{"@type":"ListItem","position":2,"name":"SARLAFT"}]},{"@type":"WebSite","@id":"https:\/\/fosunab.com.co\/#website","url":"https:\/\/fosunab.com.co\/","name":"Cl\u00ednica Fosunab","description":"","publisher":{"@id":"https:\/\/fosunab.com.co\/#organization"},"potentialAction":[{"@type":"SearchAction","target":{"@type":"EntryPoint","urlTemplate":"https:\/\/fosunab.com.co\/?s={search_term_string}"},"query-input":{"@type":"PropertyValueSpecification","valueRequired":true,"valueName":"search_term_string"}}],"inLanguage":"es"},{"@type":"Organization","@id":"https:\/\/fosunab.com.co\/#organization","name":"Cl\u00ednica Fosunab","url":"https:\/\/fosunab.com.co\/","logo":{"@type":"ImageObject","inLanguage":"es","@id":"https:\/\/fosunab.com.co\/#\/schema\/logo\/image\/","url":"https:\/\/fosunab.com.co\/fosunab\/wp-content\/uploads\/2024\/12\/logo-foscal-internacional-2024.jpg","contentUrl":"https:\/\/fosunab.com.co\/fosunab\/wp-content\/uploads\/2024\/12\/logo-foscal-internacional-2024.jpg","width":333,"height":120,"caption":"Cl\u00ednica Fosunab"},"image":{"@id":"https:\/\/fosunab.com.co\/#\/schema\/logo\/image\/"}}]}},"_links":{"self":[{"href":"https:\/\/fosunab.com.co\/index.php\/wp-json\/wp\/v2\/pages\/1025","targetHints":{"allow":["GET"]}}],"collection":[{"href":"https:\/\/fosunab.com.co\/index.php\/wp-json\/wp\/v2\/pages"}],"about":[{"href":"https:\/\/fosunab.com.co\/index.php\/wp-json\/wp\/v2\/types\/page"}],"author":[{"embeddable":true,"href":"https:\/\/fosunab.com.co\/index.php\/wp-json\/wp\/v2\/users\/1"}],"replies":[{"embeddable":true,"href":"https:\/\/fosunab.com.co\/index.php\/wp-json\/wp\/v2\/comments?post=1025"}],"version-history":[{"count":17,"href":"https:\/\/fosunab.com.co\/index.php\/wp-json\/wp\/v2\/pages\/1025\/revisions"}],"predecessor-version":[{"id":1283,"href":"https:\/\/fosunab.com.co\/index.php\/wp-json\/wp\/v2\/pages\/1025\/revisions\/1283"}],"wp:attachment":[{"href":"https:\/\/fosunab.com.co\/index.php\/wp-json\/wp\/v2\/media?parent=1025"}],"curies":[{"name":"wp","href":"https:\/\/api.w.org\/{rel}","templated":true}]}}